{"id":27600,"date":"2024-02-15T12:02:54","date_gmt":"2024-02-15T12:02:54","guid":{"rendered":"https:\/\/totart.barcelona\/contacto\/"},"modified":"2025-07-24T16:52:27","modified_gmt":"2025-07-24T16:52:27","slug":"contacto","status":"publish","type":"page","link":"https:\/\/totart.barcelona\/es\/contacto\/","title":{"rendered":"Contacto"},"content":{"rendered":"\t\t<div data-elementor-type=\"wp-page\" data-elementor-id=\"27600\" class=\"elementor elementor-27600 elementor-14653\" data-elementor-post-type=\"page\">\n\t\t\t\t<div class=\"elementor-element elementor-element-66305cb2 e-con-full e-flex e-con e-parent\" data-id=\"66305cb2\" data-element_type=\"container\" data-e-type=\"container\" data-settings=\"{&quot;background_background&quot;:&quot;classic&quot;}\">\n\t\t<div class=\"elementor-element elementor-element-4f568e6e e-con-full e-flex e-con e-child\" data-id=\"4f568e6e\" data-element_type=\"container\" data-e-type=\"container\" data-settings=\"{&quot;background_background&quot;:&quot;classic&quot;}\">\n\t\t\t\t<div class=\"elementor-element elementor-element-607e2933 elementor-invisible elementor-widget elementor-widget-heading\" data-id=\"607e2933\" data-element_type=\"widget\" data-e-type=\"widget\" data-settings=\"{&quot;_animation&quot;:&quot;fadeIn&quot;}\" data-widget_type=\"heading.default\">\n\t\t\t\t<div class=\"elementor-widget-container\">\n\t\t\t\t\t<h1 class=\"elementor-heading-title elementor-size-default\">contacta vis\u00edtenos<\/h1>\t\t\t\t<\/div>\n\t\t\t\t<\/div>\n\t\t<div class=\"elementor-element elementor-element-6cacaf87 e-con-full e-flex e-con e-child\" data-id=\"6cacaf87\" data-element_type=\"container\" data-e-type=\"container\">\n\t\t\t\t<div class=\"elementor-element elementor-element-47259adf elementor-invisible elementor-widget elementor-widget-text-editor\" data-id=\"47259adf\" data-element_type=\"widget\" data-e-type=\"widget\" data-settings=\"{&quot;_animation&quot;:&quot;fadeIn&quot;,&quot;_animation_delay&quot;:&quot;200&quot;}\" data-widget_type=\"text-editor.default\">\n\t\t\t\t<div class=\"elementor-widget-container\">\n\t\t\t\t\t\t\t\t\t<hr><h4>VACACIONES AGOSTO:<\/h4><h4>Del d\u00eda 4 al 24<\/h4><hr><h4> <\/h4><h4>HORARIO JULIO:<\/h4><h5> <strong>Dilluns a divendres:<\/strong><\/h5><h5><strong>10h &#8211; 13:30h \/ 17h \u2013 20h <\/strong><\/h5><h5><strong>S\u00e1bado 10h &#8211; 13:30<\/strong><\/h5><p> <\/p>\t\t\t\t\t\t\t\t<\/div>\n\t\t\t\t<\/div>\n\t\t\t\t<div class=\"elementor-element elementor-element-380b1631 elementor-mobile-align-center elementor-icon-list--layout-traditional elementor-list-item-link-full_width elementor-widget elementor-widget-icon-list\" data-id=\"380b1631\" data-element_type=\"widget\" data-e-type=\"widget\" data-widget_type=\"icon-list.default\">\n\t\t\t\t<div class=\"elementor-widget-container\">\n\t\t\t\t\t\t\t<ul class=\"elementor-icon-list-items\">\n\t\t\t\t\t\t\t<li class=\"elementor-icon-list-item\">\n\t\t\t\t\t\t\t\t\t\t\t<a href=\"https:\/\/waze.com\/ul?q=2285%20Oak%20Street,%20Old%20Forge,%20New%20York%20&#038;z=10&#038;navigate=yes\">\n\n\t\t\t\t\t\t\t\t\t\t\t\t<span class=\"elementor-icon-list-icon\">\n\t\t\t\t\t\t\t<svg aria-hidden=\"true\" class=\"e-font-icon-svg e-fas-map-marker-alt\" viewBox=\"0 0 384 512\" xmlns=\"http:\/\/www.w3.org\/2000\/svg\"><path d=\"M172.268 501.67C26.97 291.031 0 269.413 0 192 0 85.961 85.961 0 192 0s192 85.961 192 192c0 77.413-26.97 99.031-172.268 309.67-9.535 13.774-29.93 13.773-39.464 0zM192 272c44.183 0 80-35.817 80-80s-35.817-80-80-80-80 35.817-80 80 35.817 80 80 80z\"><\/path><\/svg>\t\t\t\t\t\t<\/span>\n\t\t\t\t\t\t\t\t\t\t<span class=\"elementor-icon-list-text\">Sants, 3 Barcelona<\/span>\n\t\t\t\t\t\t\t\t\t\t\t<\/a>\n\t\t\t\t\t\t\t\t\t<\/li>\n\t\t\t\t\t\t\t\t<li class=\"elementor-icon-list-item\">\n\t\t\t\t\t\t\t\t\t\t\t<a href=\"mailto:totart@totart.cat\">\n\n\t\t\t\t\t\t\t\t\t\t\t\t<span class=\"elementor-icon-list-icon\">\n\t\t\t\t\t\t\t<svg aria-hidden=\"true\" class=\"e-font-icon-svg e-far-paper-plane\" viewBox=\"0 0 512 512\" xmlns=\"http:\/\/www.w3.org\/2000\/svg\"><path d=\"M440 6.5L24 246.4c-34.4 19.9-31.1 70.8 5.7 85.9L144 379.6V464c0 46.4 59.2 65.5 86.6 28.6l43.8-59.1 111.9 46.2c5.9 2.4 12.1 3.6 18.3 3.6 8.2 0 16.3-2.1 23.6-6.2 12.8-7.2 21.6-20 23.9-34.5l59.4-387.2c6.1-40.1-36.9-68.8-71.5-48.9zM192 464v-64.6l36.6 15.1L192 464zm212.6-28.7l-153.8-63.5L391 169.5c10.7-15.5-9.5-33.5-23.7-21.2L155.8 332.6 48 288 464 48l-59.4 387.3z\"><\/path><\/svg>\t\t\t\t\t\t<\/span>\n\t\t\t\t\t\t\t\t\t\t<span class=\"elementor-icon-list-text\">totart@totart.cat<\/span>\n\t\t\t\t\t\t\t\t\t\t\t<\/a>\n\t\t\t\t\t\t\t\t\t<\/li>\n\t\t\t\t\t\t\t\t<li class=\"elementor-icon-list-item\">\n\t\t\t\t\t\t\t\t\t\t\t<a href=\"tel:930041766\">\n\n\t\t\t\t\t\t\t\t\t\t\t\t<span class=\"elementor-icon-list-icon\">\n\t\t\t\t\t\t\t<svg xmlns=\"http:\/\/www.w3.org\/2000\/svg\" id=\"bca8668a-c1a7-45ca-a09b-aba638241546\" data-name=\"Layer 1\" width=\"14.9685\" height=\"15\" viewBox=\"0 0 14.9685 15\"><path d=\"M14.576,11.0085,12.4827,8.9152a1.3923,1.3923,0,0,0-2.3176.5233,1.4244,1.4244,0,0,1-1.6447.8971A6.455,6.455,0,0,1,4.6328,6.4481,1.3551,1.3551,0,0,1,5.53,4.8033a1.3922,1.3922,0,0,0,.5233-2.3175L3.96.3925a1.4929,1.4929,0,0,0-2.0185,0l-1.42,1.42C-.8994,3.3082.6705,7.27,4.1843,10.7842s7.476,5.1585,8.9712,3.6633L14.576,13.027A1.4931,1.4931,0,0,0,14.576,11.0085Z\" transform=\"translate(0 0)\"><\/path><\/svg>\t\t\t\t\t\t<\/span>\n\t\t\t\t\t\t\t\t\t\t<span class=\"elementor-icon-list-text\"> Tel:93 0041766<\/span>\n\t\t\t\t\t\t\t\t\t\t\t<\/a>\n\t\t\t\t\t\t\t\t\t<\/li>\n\t\t\t\t\t\t\t\t<li class=\"elementor-icon-list-item\">\n\t\t\t\t\t\t\t\t\t\t\t<a href=\"https:\/\/wa.me\/34692668341\">\n\n\t\t\t\t\t\t\t\t\t\t\t\t<span class=\"elementor-icon-list-icon\">\n\t\t\t\t\t\t\t<svg aria-hidden=\"true\" class=\"e-font-icon-svg e-fab-whatsapp\" viewBox=\"0 0 448 512\" xmlns=\"http:\/\/www.w3.org\/2000\/svg\"><path d=\"M380.9 97.1C339 55.1 283.2 32 223.9 32c-122.4 0-222 99.6-222 222 0 39.1 10.2 77.3 29.6 111L0 480l117.7-30.9c32.4 17.7 68.9 27 106.1 27h.1c122.3 0 224.1-99.6 224.1-222 0-59.3-25.2-115-67.1-157zm-157 341.6c-33.2 0-65.7-8.9-94-25.7l-6.7-4-69.8 18.3L72 359.2l-4.4-7c-18.5-29.4-28.2-63.3-28.2-98.2 0-101.7 82.8-184.5 184.6-184.5 49.3 0 95.6 19.2 130.4 54.1 34.8 34.9 56.2 81.2 56.1 130.5 0 101.8-84.9 184.6-186.6 184.6zm101.2-138.2c-5.5-2.8-32.8-16.2-37.9-18-5.1-1.9-8.8-2.8-12.5 2.8-3.7 5.6-14.3 18-17.6 21.8-3.2 3.7-6.5 4.2-12 1.4-32.6-16.3-54-29.1-75.5-66-5.7-9.8 5.7-9.1 16.3-30.3 1.8-3.7.9-6.9-.5-9.7-1.4-2.8-12.5-30.1-17.1-41.2-4.5-10.8-9.1-9.3-12.5-9.5-3.2-.2-6.9-.2-10.6-.2-3.7 0-9.7 1.4-14.8 6.9-5.1 5.6-19.4 19-19.4 46.3 0 27.3 19.9 53.7 22.6 57.4 2.8 3.7 39.1 59.7 94.8 83.8 35.2 15.2 49 16.5 66.6 13.9 10.7-1.6 32.8-13.4 37.4-26.4 4.6-13 4.6-24.1 3.2-26.4-1.3-2.5-5-3.9-10.5-6.6z\"><\/path><\/svg>\t\t\t\t\t\t<\/span>\n\t\t\t\t\t\t\t\t\t\t<span class=\"elementor-icon-list-text\">Whatsapp Bussines<\/span>\n\t\t\t\t\t\t\t\t\t\t\t<\/a>\n\t\t\t\t\t\t\t\t\t<\/li>\n\t\t\t\t\t\t<\/ul>\n\t\t\t\t\t\t<\/div>\n\t\t\t\t<\/div>\n\t\t\t\t<\/div>\n\t\t\t\t<\/div>\n\t\t<div class=\"elementor-element elementor-element-2962d233 e-con-full e-flex e-con e-child\" data-id=\"2962d233\" data-element_type=\"container\" data-e-type=\"container\" data-settings=\"{&quot;background_background&quot;:&quot;classic&quot;}\">\n\t\t\t\t<div class=\"elementor-element elementor-element-1488daf elementor-widget elementor-widget-google_maps\" data-id=\"1488daf\" data-element_type=\"widget\" data-e-type=\"widget\" data-widget_type=\"google_maps.default\">\n\t\t\t\t<div class=\"elementor-widget-container\">\n\t\t\t\t\t\t\t<div class=\"elementor-custom-embed\">\n\t\t\t<iframe loading=\"lazy\"\n\t\t\t\t\tsrc=\"https:\/\/www.google.com\/maps\/embed\/v1\/place?key=AIzaSyDVNeKZoSR-kgoUJ0GkKzNrbhzcdQCFH84&#038;q=https%3A%2F%2Fwww.google.es%2Fmaps%2Fplace%2FTotart%2BEmmarcats%2BBarcelona%2F%4041.3752127%2C2.1380753%2C17z%2Fdata%3D%213m1%214b1%214m6%213m5%211s0x12a49883f264f335%3A0x87af3b054a7ac581%218m2%213d41.3752087%214d2.1406502%2116s%252Fg%252F1tfdhq8q%3Fhl%3Des%26entry%3Dttu%26g_ep%3DEgoyMDI0MDkxMS4wIKXMDSoASAFQAw%253D%253D&#038;zoom=14\"\n\t\t\t\t\ttitle=\"https:\/\/www.google.es\/maps\/place\/Totart+Emmarcats+Barcelona\/@41.3752127,2.1380753,17z\/data=!3m1!4b1!4m6!3m5!1s0x12a49883f264f335:0x87af3b054a7ac581!8m2!3d41.3752087!4d2.1406502!16s%2Fg%2F1tfdhq8q?hl=es&amp;entry=ttu&amp;g_ep=EgoyMDI0MDkxMS4wIKXMDSoASAFQAw%3D%3D\"\n\t\t\t\t\taria-label=\"https:\/\/www.google.es\/maps\/place\/Totart+Emmarcats+Barcelona\/@41.3752127,2.1380753,17z\/data=!3m1!4b1!4m6!3m5!1s0x12a49883f264f335:0x87af3b054a7ac581!8m2!3d41.3752087!4d2.1406502!16s%2Fg%2F1tfdhq8q?hl=es&amp;entry=ttu&amp;g_ep=EgoyMDI0MDkxMS4wIKXMDSoASAFQAw%3D%3D\"\n\t\t\t><\/iframe>\n\t\t<\/div>\n\t\t\t\t\t\t<\/div>\n\t\t\t\t<\/div>\n\t\t\t\t<\/div>\n\t\t\t\t<\/div>\n\t\t<div class=\"elementor-element elementor-element-d7e58c8 e-flex e-con-boxed e-con e-parent\" data-id=\"d7e58c8\" data-element_type=\"container\" data-e-type=\"container\">\n\t\t\t\t\t<div class=\"e-con-inner\">\n\t\t<div class=\"elementor-element elementor-element-00f6dac e-con-full e-flex e-con e-child\" data-id=\"00f6dac\" data-element_type=\"container\" data-e-type=\"container\" data-settings=\"{&quot;background_background&quot;:&quot;classic&quot;}\">\n\t\t<div class=\"elementor-element elementor-element-2e54133 e-con-full e-flex e-con e-child\" data-id=\"2e54133\" data-element_type=\"container\" data-e-type=\"container\">\n\t\t\t\t<div class=\"elementor-element elementor-element-740082b elementor-widget__width-initial elementor-widget-mobile__width-inherit elementor-widget elementor-widget-text-editor\" data-id=\"740082b\" data-element_type=\"widget\" data-e-type=\"widget\" data-widget_type=\"text-editor.default\">\n\t\t\t\t<div class=\"elementor-widget-container\">\n\t\t\t\t\t\t\t\t\t<p style=\"text-align: left;\">En Totart Enmarcats le ofrecemos marcos a medida para sus cuadros.<\/p><p style=\"text-align: left;\">Disponemos del servicio de asesoramiento personalizado para elegir el enmarcado m\u00e1s adecuado para todo tipo de obras y objetos de arte y artesan\u00eda.<\/p><p style=\"text-align: left;\">Estamos al servicio de personas y empresas que quieren enmarcados a medida, que valoren el trabajo bien hecho, con gusto est\u00e9tico y originalidad.<\/p><p style=\"text-align: left;\">Nos dirigimos a todos los que desee renovar sus marcos para que sab\u00e9is que una obra bien enmarcada recupera su valor.<\/p><p style=\"text-align: left;\">En Totart Enmarcats os demostraremos la diferencia que existe entre un enmarcado hecha a medida y un marco est\u00e1ndar.<\/p><p style=\"text-align: left;\">Os demostraremos que en la elecci\u00f3n del marco radica la clave del \u00e9xito de un cuadro est\u00e9ticamente bien enmarcado ya su gusto. <\/p>\t\t\t\t\t\t\t\t<\/div>\n\t\t\t\t<\/div>\n\t\t\t\t<\/div>\n\t\t<div class=\"elementor-element elementor-element-dda3f70 e-con-full e-flex e-con e-child\" data-id=\"dda3f70\" data-element_type=\"container\" data-e-type=\"container\" data-settings=\"{&quot;background_background&quot;:&quot;classic&quot;}\">\n\t\t\t\t<\/div>\n\t\t\t\t<\/div>\n\t\t\t\t\t<\/div>\n\t\t\t\t<\/div>\n\t\t\t\t<\/div>\n\t\t","protected":false},"excerpt":{"rendered":"<p>Totart Emmarcats. Barcelona, Sants 3. Tienda de marcos a medida y cuadros decorativos en Barcelona. Contacta con nosotros o vis\u00edtanos.  <\/p>\n","protected":false},"author":2,"featured_media":26803,"parent":0,"menu_order":0,"comment_status":"closed","ping_status":"closed","template":"","meta":{"footnotes":""},"class_list":["post-27600","page","type-page","status-publish","has-post-thumbnail","hentry"],"yoast_head":"<!-- This site is optimized with the Yoast SEO Premium plugin v22.6 (Yoast SEO v26.9) - https:\/\/yoast.com\/product\/yoast-seo-premium-wordpress\/ -->\n<title>CONTACTO<\/title>\n<meta name=\"description\" content=\"Totart Emmarcats. Barcelona, Sants 3. Tienda de marcos a medida y cuadros decorativos en Barcelona. Contacta con nosotros o vis\u00edtanos.\" \/>\n<meta name=\"robots\" content=\"index, follow, max-snippet:-1, max-image-preview:large, max-video-preview:-1\" \/>\n<link rel=\"canonical\" href=\"https:\/\/totart.barcelona\/es\/contacto\/\" \/>\n<meta property=\"og:locale\" content=\"es_ES\" \/>\n<meta property=\"og:type\" content=\"article\" \/>\n<meta property=\"og:title\" content=\"Contacto\" \/>\n<meta property=\"og:description\" content=\"Totart Emmarcats. Barcelona, Sants 3. Tienda de marcos a medida y cuadros decorativos en Barcelona. Contacta con nosotros o vis\u00edtanos.\" \/>\n<meta property=\"og:url\" content=\"https:\/\/totart.barcelona\/es\/contacto\/\" \/>\n<meta property=\"og:site_name\" content=\"Totart Emmarcats Barcelona\" \/>\n<meta property=\"article:modified_time\" content=\"2025-07-24T16:52:27+00:00\" \/>\n<meta property=\"og:image\" content=\"https:\/\/totart.barcelona\/wp-content\/uploads\/2025\/07\/vacances-estiu-agost-2025.jpeg\" \/>\n\t<meta property=\"og:image:width\" content=\"1079\" \/>\n\t<meta property=\"og:image:height\" content=\"1920\" \/>\n\t<meta property=\"og:image:type\" content=\"image\/jpeg\" \/>\n<meta name=\"twitter:card\" content=\"summary_large_image\" \/>\n<meta name=\"twitter:label1\" content=\"Tiempo de lectura\" \/>\n\t<meta name=\"twitter:data1\" content=\"1 minuto\" \/>\n<script type=\"application\/ld+json\" class=\"yoast-schema-graph\">{\"@context\":\"https:\/\/schema.org\",\"@graph\":[{\"@type\":\"WebPage\",\"@id\":\"https:\/\/totart.barcelona\/es\/contacto\/\",\"url\":\"https:\/\/totart.barcelona\/es\/contacto\/\",\"name\":\"CONTACTO\",\"isPartOf\":{\"@id\":\"https:\/\/totart.barcelona\/es\/#website\"},\"primaryImageOfPage\":{\"@id\":\"https:\/\/totart.barcelona\/es\/contacto\/#primaryimage\"},\"image\":{\"@id\":\"https:\/\/totart.barcelona\/es\/contacto\/#primaryimage\"},\"thumbnailUrl\":\"https:\/\/totart.barcelona\/wp-content\/uploads\/2025\/06\/Aparador-quadres-oh-flors-a-Totart-carrer-de-sants-3-Barcelona-e1751043229880.jpg\",\"datePublished\":\"2024-02-15T12:02:54+00:00\",\"dateModified\":\"2025-07-24T16:52:27+00:00\",\"description\":\"Totart Emmarcats. Barcelona, Sants 3. Tienda de marcos a medida y cuadros decorativos en Barcelona. Contacta con nosotros o vis\u00edtanos.\",\"breadcrumb\":{\"@id\":\"https:\/\/totart.barcelona\/es\/contacto\/#breadcrumb\"},\"inLanguage\":\"es\",\"potentialAction\":[{\"@type\":\"ReadAction\",\"target\":[\"https:\/\/totart.barcelona\/es\/contacto\/\"]}]},{\"@type\":\"ImageObject\",\"inLanguage\":\"es\",\"@id\":\"https:\/\/totart.barcelona\/es\/contacto\/#primaryimage\",\"url\":\"https:\/\/totart.barcelona\/wp-content\/uploads\/2025\/06\/Aparador-quadres-oh-flors-a-Totart-carrer-de-sants-3-Barcelona-e1751043229880.jpg\",\"contentUrl\":\"https:\/\/totart.barcelona\/wp-content\/uploads\/2025\/06\/Aparador-quadres-oh-flors-a-Totart-carrer-de-sants-3-Barcelona-e1751043229880.jpg\",\"width\":787,\"height\":911,\"caption\":\"totart emmarcats\"},{\"@type\":\"BreadcrumbList\",\"@id\":\"https:\/\/totart.barcelona\/es\/contacto\/#breadcrumb\",\"itemListElement\":[{\"@type\":\"ListItem\",\"position\":1,\"name\":\"Portada\",\"item\":\"https:\/\/totart.barcelona\/es\/\"},{\"@type\":\"ListItem\",\"position\":2,\"name\":\"Contacto\"}]},{\"@type\":\"WebSite\",\"@id\":\"https:\/\/totart.barcelona\/es\/#website\",\"url\":\"https:\/\/totart.barcelona\/es\/\",\"name\":\"Totart Emmarcats Barcelona\",\"description\":\"&lt;strong&gt;TOTART&lt;br \/&gt; EMMARCATS&lt;\/strong&gt;&lt;br \/&gt; Marcs i quadres&lt;br \/&gt; Sants, 3&lt;br \/&gt; Barcelona\",\"publisher\":{\"@id\":\"https:\/\/totart.barcelona\/es\/#organization\"},\"potentialAction\":[{\"@type\":\"SearchAction\",\"target\":{\"@type\":\"EntryPoint\",\"urlTemplate\":\"https:\/\/totart.barcelona\/es\/?s={search_term_string}\"},\"query-input\":{\"@type\":\"PropertyValueSpecification\",\"valueRequired\":true,\"valueName\":\"search_term_string\"}}],\"inLanguage\":\"es\"},{\"@type\":\"Organization\",\"@id\":\"https:\/\/totart.barcelona\/es\/#organization\",\"name\":\"Totart Emmarcats Barcelona\",\"url\":\"https:\/\/totart.barcelona\/es\/\",\"logo\":{\"@type\":\"ImageObject\",\"inLanguage\":\"es\",\"@id\":\"https:\/\/totart.barcelona\/es\/#\/schema\/logo\/image\/\",\"url\":\"https:\/\/totart.barcelona\/wp-content\/uploads\/2024\/02\/dibuix-marc-tarja-visita-nou-logo-totart-2.jpg\",\"contentUrl\":\"https:\/\/totart.barcelona\/wp-content\/uploads\/2024\/02\/dibuix-marc-tarja-visita-nou-logo-totart-2.jpg\",\"width\":263,\"height\":294,\"caption\":\"Totart Emmarcats Barcelona\"},\"image\":{\"@id\":\"https:\/\/totart.barcelona\/es\/#\/schema\/logo\/image\/\"}}]}<\/script>\n<!-- \/ Yoast SEO Premium plugin. -->","yoast_head_json":{"title":"CONTACTO","description":"Totart Emmarcats. Barcelona, Sants 3. Tienda de marcos a medida y cuadros decorativos en Barcelona. Contacta con nosotros o vis\u00edtanos.","robots":{"index":"index","follow":"follow","max-snippet":"max-snippet:-1","max-image-preview":"max-image-preview:large","max-video-preview":"max-video-preview:-1"},"canonical":"https:\/\/totart.barcelona\/es\/contacto\/","og_locale":"es_ES","og_type":"article","og_title":"Contacto","og_description":"Totart Emmarcats. Barcelona, Sants 3. Tienda de marcos a medida y cuadros decorativos en Barcelona. Contacta con nosotros o vis\u00edtanos.","og_url":"https:\/\/totart.barcelona\/es\/contacto\/","og_site_name":"Totart Emmarcats Barcelona","article_modified_time":"2025-07-24T16:52:27+00:00","og_image":[{"width":1079,"height":1920,"url":"https:\/\/totart.barcelona\/wp-content\/uploads\/2025\/07\/vacances-estiu-agost-2025.jpeg","type":"image\/jpeg"}],"twitter_card":"summary_large_image","twitter_misc":{"Tiempo de lectura":"1 minuto"},"schema":{"@context":"https:\/\/schema.org","@graph":[{"@type":"WebPage","@id":"https:\/\/totart.barcelona\/es\/contacto\/","url":"https:\/\/totart.barcelona\/es\/contacto\/","name":"CONTACTO","isPartOf":{"@id":"https:\/\/totart.barcelona\/es\/#website"},"primaryImageOfPage":{"@id":"https:\/\/totart.barcelona\/es\/contacto\/#primaryimage"},"image":{"@id":"https:\/\/totart.barcelona\/es\/contacto\/#primaryimage"},"thumbnailUrl":"https:\/\/totart.barcelona\/wp-content\/uploads\/2025\/06\/Aparador-quadres-oh-flors-a-Totart-carrer-de-sants-3-Barcelona-e1751043229880.jpg","datePublished":"2024-02-15T12:02:54+00:00","dateModified":"2025-07-24T16:52:27+00:00","description":"Totart Emmarcats. Barcelona, Sants 3. Tienda de marcos a medida y cuadros decorativos en Barcelona. Contacta con nosotros o vis\u00edtanos.","breadcrumb":{"@id":"https:\/\/totart.barcelona\/es\/contacto\/#breadcrumb"},"inLanguage":"es","potentialAction":[{"@type":"ReadAction","target":["https:\/\/totart.barcelona\/es\/contacto\/"]}]},{"@type":"ImageObject","inLanguage":"es","@id":"https:\/\/totart.barcelona\/es\/contacto\/#primaryimage","url":"https:\/\/totart.barcelona\/wp-content\/uploads\/2025\/06\/Aparador-quadres-oh-flors-a-Totart-carrer-de-sants-3-Barcelona-e1751043229880.jpg","contentUrl":"https:\/\/totart.barcelona\/wp-content\/uploads\/2025\/06\/Aparador-quadres-oh-flors-a-Totart-carrer-de-sants-3-Barcelona-e1751043229880.jpg","width":787,"height":911,"caption":"totart emmarcats"},{"@type":"BreadcrumbList","@id":"https:\/\/totart.barcelona\/es\/contacto\/#breadcrumb","itemListElement":[{"@type":"ListItem","position":1,"name":"Portada","item":"https:\/\/totart.barcelona\/es\/"},{"@type":"ListItem","position":2,"name":"Contacto"}]},{"@type":"WebSite","@id":"https:\/\/totart.barcelona\/es\/#website","url":"https:\/\/totart.barcelona\/es\/","name":"Totart Emmarcats Barcelona","description":"&lt;strong&gt;TOTART&lt;br \/&gt; EMMARCATS&lt;\/strong&gt;&lt;br \/&gt; Marcs i quadres&lt;br \/&gt; Sants, 3&lt;br \/&gt; Barcelona","publisher":{"@id":"https:\/\/totart.barcelona\/es\/#organization"},"potentialAction":[{"@type":"SearchAction","target":{"@type":"EntryPoint","urlTemplate":"https:\/\/totart.barcelona\/es\/?s={search_term_string}"},"query-input":{"@type":"PropertyValueSpecification","valueRequired":true,"valueName":"search_term_string"}}],"inLanguage":"es"},{"@type":"Organization","@id":"https:\/\/totart.barcelona\/es\/#organization","name":"Totart Emmarcats Barcelona","url":"https:\/\/totart.barcelona\/es\/","logo":{"@type":"ImageObject","inLanguage":"es","@id":"https:\/\/totart.barcelona\/es\/#\/schema\/logo\/image\/","url":"https:\/\/totart.barcelona\/wp-content\/uploads\/2024\/02\/dibuix-marc-tarja-visita-nou-logo-totart-2.jpg","contentUrl":"https:\/\/totart.barcelona\/wp-content\/uploads\/2024\/02\/dibuix-marc-tarja-visita-nou-logo-totart-2.jpg","width":263,"height":294,"caption":"Totart Emmarcats Barcelona"},"image":{"@id":"https:\/\/totart.barcelona\/es\/#\/schema\/logo\/image\/"}}]}},"_links":{"self":[{"href":"https:\/\/totart.barcelona\/es\/wp-json\/wp\/v2\/pages\/27600","targetHints":{"allow":["GET"]}}],"collection":[{"href":"https:\/\/totart.barcelona\/es\/wp-json\/wp\/v2\/pages"}],"about":[{"href":"https:\/\/totart.barcelona\/es\/wp-json\/wp\/v2\/types\/page"}],"author":[{"embeddable":true,"href":"https:\/\/totart.barcelona\/es\/wp-json\/wp\/v2\/users\/2"}],"replies":[{"embeddable":true,"href":"https:\/\/totart.barcelona\/es\/wp-json\/wp\/v2\/comments?post=27600"}],"version-history":[{"count":2,"href":"https:\/\/totart.barcelona\/es\/wp-json\/wp\/v2\/pages\/27600\/revisions"}],"predecessor-version":[{"id":27629,"href":"https:\/\/totart.barcelona\/es\/wp-json\/wp\/v2\/pages\/27600\/revisions\/27629"}],"wp:featuredmedia":[{"embeddable":true,"href":"https:\/\/totart.barcelona\/es\/wp-json\/wp\/v2\/media\/26803"}],"wp:attachment":[{"href":"https:\/\/totart.barcelona\/es\/wp-json\/wp\/v2\/media?parent=27600"}],"curies":[{"name":"wp","href":"https:\/\/api.w.org\/{rel}","templated":true}]}}