{"id":27598,"date":"2024-02-17T22:31:12","date_gmt":"2024-02-17T22:31:12","guid":{"rendered":"https:\/\/totart.barcelona\/historias-de-exito\/"},"modified":"2025-07-23T13:51:11","modified_gmt":"2025-07-23T13:51:11","slug":"historias-de-exito","status":"publish","type":"page","link":"https:\/\/totart.barcelona\/es\/historias-de-exito\/","title":{"rendered":"Historias de \u00e9xito"},"content":{"rendered":"\t\t<div data-elementor-type=\"wp-page\" data-elementor-id=\"27598\" class=\"elementor elementor-27598 elementor-15065\" data-elementor-post-type=\"page\">\n\t\t\t\t<div class=\"elementor-element elementor-element-6a67cda e-flex e-con-boxed e-con e-parent\" data-id=\"6a67cda\" data-element_type=\"container\" data-e-type=\"container\" data-settings=\"{&quot;background_background&quot;:&quot;classic&quot;}\">\n\t\t\t\t\t<div class=\"e-con-inner\">\n\t\t\t\t<div class=\"elementor-element elementor-element-a62fa0c elementor-invisible elementor-widget elementor-widget-heading\" data-id=\"a62fa0c\" data-element_type=\"widget\" data-e-type=\"widget\" data-settings=\"{&quot;_animation&quot;:&quot;fadeIn&quot;}\" data-widget_type=\"heading.default\">\n\t\t\t\t<div class=\"elementor-widget-container\">\n\t\t\t\t\t<h1 class=\"elementor-heading-title elementor-size-default\">Historias de \u00e9xito<\/h1>\t\t\t\t<\/div>\n\t\t\t\t<\/div>\n\t\t\t\t\t<\/div>\n\t\t\t\t<\/div>\n\t\t<div class=\"elementor-element elementor-element-146623d e-flex e-con-boxed e-con e-parent\" data-id=\"146623d\" data-element_type=\"container\" data-e-type=\"container\">\n\t\t\t\t\t<div class=\"e-con-inner\">\n\t\t\t\t<div class=\"elementor-element elementor-element-006f6ee elementor-grid-3 elementor-grid-tablet-2 elementor-grid-mobile-1 elementor-posts--thumbnail-top load-more-align-center elementor-widget elementor-widget-posts\" data-id=\"006f6ee\" data-element_type=\"widget\" data-e-type=\"widget\" data-settings=\"{&quot;pagination_type&quot;:&quot;load_more_on_click&quot;,&quot;classic_columns&quot;:&quot;3&quot;,&quot;classic_columns_tablet&quot;:&quot;2&quot;,&quot;classic_columns_mobile&quot;:&quot;1&quot;,&quot;classic_row_gap&quot;:{&quot;unit&quot;:&quot;px&quot;,&quot;size&quot;:35,&quot;sizes&quot;:[]},&quot;classic_row_gap_tablet&quot;:{&quot;unit&quot;:&quot;px&quot;,&quot;size&quot;:&quot;&quot;,&quot;sizes&quot;:[]},&quot;classic_row_gap_mobile&quot;:{&quot;unit&quot;:&quot;px&quot;,&quot;size&quot;:&quot;&quot;,&quot;sizes&quot;:[]},&quot;load_more_spinner&quot;:{&quot;value&quot;:&quot;fas fa-spinner&quot;,&quot;library&quot;:&quot;fa-solid&quot;}}\" data-widget_type=\"posts.classic\">\n\t\t\t\t<div class=\"elementor-widget-container\">\n\t\t\t\t\t\t\t<div class=\"elementor-posts-container elementor-posts elementor-posts--skin-classic elementor-grid\" role=\"list\">\n\t\t\t\t<article class=\"elementor-post elementor-grid-item post-28312 post type-post status-publish format-standard has-post-thumbnail hentry category-enmarcar-es-2 tag-bastidor-a-medida\" role=\"listitem\">\n\t\t\t\t<a class=\"elementor-post__thumbnail__link\" href=\"https:\/\/totart.barcelona\/es\/tie-dye-en-bastidor\/\" tabindex=\"-1\" >\n\t\t\t<div class=\"elementor-post__thumbnail\"><img fetchpriority=\"high\" decoding=\"async\" width=\"243\" height=\"300\" src=\"https:\/\/totart.barcelona\/wp-content\/uploads\/2025\/10\/Bastidor-tie-dye-menjador--243x300.jpeg\" class=\"attachment-medium size-medium wp-image-28204\" alt=\"bastidor tie Dye\" srcset=\"https:\/\/totart.barcelona\/wp-content\/uploads\/2025\/10\/Bastidor-tie-dye-menjador--243x300.jpeg 243w, https:\/\/totart.barcelona\/wp-content\/uploads\/2025\/10\/Bastidor-tie-dye-menjador--829x1024.jpeg 829w, https:\/\/totart.barcelona\/wp-content\/uploads\/2025\/10\/Bastidor-tie-dye-menjador--768x948.jpeg 768w, https:\/\/totart.barcelona\/wp-content\/uploads\/2025\/10\/Bastidor-tie-dye-menjador--1244x1536.jpeg 1244w, https:\/\/totart.barcelona\/wp-content\/uploads\/2025\/10\/Bastidor-tie-dye-menjador-.jpeg 1296w\" sizes=\"(max-width: 243px) 100vw, 243px\" \/><\/div>\n\t\t<\/a>\n\t\t\t\t<div class=\"elementor-post__text\">\n\t\t\t\t<h3 class=\"elementor-post__title\">\n\t\t\t<a href=\"https:\/\/totart.barcelona\/es\/tie-dye-en-bastidor\/\" >\n\t\t\t\tTie Dye en bastidor\t\t\t<\/a>\n\t\t<\/h3>\n\t\t\t\t<div class=\"elementor-post__meta-data\">\n\t\t\t\t\t<span class=\"elementor-post-author\">\n\t\t\tLaura Ros\t\t<\/span>\n\t\t\t\t<span class=\"elementor-post-date\">\n\t\t\toctubre 18, 2025\t\t<\/span>\n\t\t\t\t<\/div>\n\t\t\t\t<div class=\"elementor-post__excerpt\">\n\t\t\t<p>Bastidor a medida para Tie Dye . Telas Multioclor montadas en estructuras de madera para crear cuadros decorativos y admirar su belleza. Vis\u00edtanos.  <\/p>\n\t\t<\/div>\n\t\t\n\t\t<a class=\"elementor-post__read-more\" href=\"https:\/\/totart.barcelona\/es\/tie-dye-en-bastidor\/\" aria-label=\"M\u00e1s informaci\u00f3n sobre Tie Dye en bastidor\" tabindex=\"-1\" >\n\t\t\tLeer m\u00e1s \u00bb\t\t<\/a>\n\n\t\t\t\t<\/div>\n\t\t\t\t<\/article>\n\t\t\t\t<article class=\"elementor-post elementor-grid-item post-28117 post type-post status-publish format-standard has-post-thumbnail hentry category-vitrina-es tag-emmarcar-objectes tag-enmarcar-es tag-marco-a-medida-es\" role=\"listitem\">\n\t\t\t\t<a class=\"elementor-post__thumbnail__link\" href=\"https:\/\/totart.barcelona\/es\/la-shadowbox\/\" tabindex=\"-1\" >\n\t\t\t<div class=\"elementor-post__thumbnail\"><img decoding=\"async\" width=\"225\" height=\"300\" src=\"https:\/\/totart.barcelona\/wp-content\/uploads\/2025\/10\/vitrina-mandibula-tauro-225x300.jpg\" class=\"attachment-medium size-medium wp-image-28002\" alt=\"la shadowbox\" srcset=\"https:\/\/totart.barcelona\/wp-content\/uploads\/2025\/10\/vitrina-mandibula-tauro-225x300.jpg 225w, https:\/\/totart.barcelona\/wp-content\/uploads\/2025\/10\/vitrina-mandibula-tauro.jpg 432w\" sizes=\"(max-width: 225px) 100vw, 225px\" \/><\/div>\n\t\t<\/a>\n\t\t\t\t<div class=\"elementor-post__text\">\n\t\t\t\t<h3 class=\"elementor-post__title\">\n\t\t\t<a href=\"https:\/\/totart.barcelona\/es\/la-shadowbox\/\" >\n\t\t\t\tLa Shadowbox\t\t\t<\/a>\n\t\t<\/h3>\n\t\t\t\t<div class=\"elementor-post__meta-data\">\n\t\t\t\t\t<span class=\"elementor-post-author\">\n\t\t\tLaura Ros\t\t<\/span>\n\t\t\t\t<span class=\"elementor-post-date\">\n\t\t\toctubre 1, 2025\t\t<\/span>\n\t\t\t\t<\/div>\n\t\t\t\t<div class=\"elementor-post__excerpt\">\n\t\t\t<p>La shadowbox o vitrina es una emmarcaci\u00f3n especial pera la conservaci\u00f3n y presentaci\u00f3n de objetos y obra de arte en general. Marcos a medida en Barcelona,Totart Enmarcaciones.<\/p>\n\t\t<\/div>\n\t\t\n\t\t<a class=\"elementor-post__read-more\" href=\"https:\/\/totart.barcelona\/es\/la-shadowbox\/\" aria-label=\"M\u00e1s informaci\u00f3n sobre La Shadowbox\" tabindex=\"-1\" >\n\t\t\tLeer m\u00e1s \u00bb\t\t<\/a>\n\n\t\t\t\t<\/div>\n\t\t\t\t<\/article>\n\t\t\t\t<article class=\"elementor-post elementor-grid-item post-26973 post type-post status-publish format-standard has-post-thumbnail hentry category-cuadros tag-arte-abstracto tag-decoracion-es\" role=\"listitem\">\n\t\t\t\t<a class=\"elementor-post__thumbnail__link\" href=\"https:\/\/totart.barcelona\/es\/cuadros-modernos\/\" tabindex=\"-1\" >\n\t\t\t<div class=\"elementor-post__thumbnail\"><img decoding=\"async\" width=\"200\" height=\"300\" src=\"https:\/\/totart.barcelona\/wp-content\/uploads\/2025\/07\/cuadro-collage-100x100-blanco-en-apartamento-200x300.jpg\" class=\"attachment-medium size-medium wp-image-26895\" alt=\"Quadres Moderns\" srcset=\"https:\/\/totart.barcelona\/wp-content\/uploads\/2025\/07\/cuadro-collage-100x100-blanco-en-apartamento-200x300.jpg 200w, https:\/\/totart.barcelona\/wp-content\/uploads\/2025\/07\/cuadro-collage-100x100-blanco-en-apartamento.jpg 534w\" sizes=\"(max-width: 200px) 100vw, 200px\" \/><\/div>\n\t\t<\/a>\n\t\t\t\t<div class=\"elementor-post__text\">\n\t\t\t\t<h3 class=\"elementor-post__title\">\n\t\t\t<a href=\"https:\/\/totart.barcelona\/es\/cuadros-modernos\/\" >\n\t\t\t\tCuadros Modernos\t\t\t<\/a>\n\t\t<\/h3>\n\t\t\t\t<div class=\"elementor-post__meta-data\">\n\t\t\t\t\t<span class=\"elementor-post-author\">\n\t\t\tLaura Ros\t\t<\/span>\n\t\t\t\t<span class=\"elementor-post-date\">\n\t\t\tjulio 4, 2025\t\t<\/span>\n\t\t\t\t<\/div>\n\t\t\t\t<div class=\"elementor-post__excerpt\">\n\t\t\t<p>Cuadros Modernos. Pintura Abstracta Decorativa para todo tipo de ambientes. Visitanos en Barcelona, Calle de Sants,3.  <\/p>\n\t\t<\/div>\n\t\t\n\t\t<a class=\"elementor-post__read-more\" href=\"https:\/\/totart.barcelona\/es\/cuadros-modernos\/\" aria-label=\"M\u00e1s informaci\u00f3n sobre Cuadros Modernos\" tabindex=\"-1\" >\n\t\t\tLeer m\u00e1s \u00bb\t\t<\/a>\n\n\t\t\t\t<\/div>\n\t\t\t\t<\/article>\n\t\t\t\t<article class=\"elementor-post elementor-grid-item post-26734 post type-post status-publish format-standard has-post-thumbnail hentry category-j-moscardo tag-barcelona-es tag-litografia-es\" role=\"listitem\">\n\t\t\t\t<a class=\"elementor-post__thumbnail__link\" href=\"https:\/\/totart.barcelona\/es\/casa-batllo\/\" tabindex=\"-1\" >\n\t\t\t<div class=\"elementor-post__thumbnail\"><img loading=\"lazy\" decoding=\"async\" width=\"205\" height=\"300\" src=\"https:\/\/totart.barcelona\/wp-content\/uploads\/2024\/07\/Pintura-casa-batllo-i-ametller-vertical-50-70-205x300.jpg\" class=\"attachment-medium size-medium wp-image-24766\" alt=\"Casa Batllo\" srcset=\"https:\/\/totart.barcelona\/wp-content\/uploads\/2024\/07\/Pintura-casa-batllo-i-ametller-vertical-50-70-205x300.jpg 205w, https:\/\/totart.barcelona\/wp-content\/uploads\/2024\/07\/Pintura-casa-batllo-i-ametller-vertical-50-70.jpg 624w\" sizes=\"(max-width: 205px) 100vw, 205px\" \/><\/div>\n\t\t<\/a>\n\t\t\t\t<div class=\"elementor-post__text\">\n\t\t\t\t<h3 class=\"elementor-post__title\">\n\t\t\t<a href=\"https:\/\/totart.barcelona\/es\/casa-batllo\/\" >\n\t\t\t\tCasa Batll\u00f3\t\t\t<\/a>\n\t\t<\/h3>\n\t\t\t\t<div class=\"elementor-post__meta-data\">\n\t\t\t\t\t<span class=\"elementor-post-author\">\n\t\t\tLaura Comella\t\t<\/span>\n\t\t\t\t<span class=\"elementor-post-date\">\n\t\t\tjunio 6, 2025\t\t<\/span>\n\t\t\t\t<\/div>\n\t\t\t\t<div class=\"elementor-post__excerpt\">\n\t\t\t<p>La Casa Batll\u00f3 de Josep Moscard\u00f3. Grabados y pinturas de uno de los edificios m\u00e1s emblem\u00e1ticos del Paseo de Gracia de Barcelona. \u00a1Cuadros decorativos para vestir tu hogar! Vis\u00edtanos en Barcelona, \u200b\u200bCalle de Sants,3.   <\/p>\n\t\t<\/div>\n\t\t\n\t\t<a class=\"elementor-post__read-more\" href=\"https:\/\/totart.barcelona\/es\/casa-batllo\/\" aria-label=\"M\u00e1s informaci\u00f3n sobre Casa Batll\u00f3\" tabindex=\"-1\" >\n\t\t\tLeer m\u00e1s \u00bb\t\t<\/a>\n\n\t\t\t\t<\/div>\n\t\t\t\t<\/article>\n\t\t\t\t<article class=\"elementor-post elementor-grid-item post-26562 post type-post status-publish format-standard has-post-thumbnail hentry category-j-moscardo tag-cuadro-decorativo tag-obra-grafica-es\" role=\"listitem\">\n\t\t\t\t<a class=\"elementor-post__thumbnail__link\" href=\"https:\/\/totart.barcelona\/es\/litografia-barcelona\/\" tabindex=\"-1\" >\n\t\t\t<div class=\"elementor-post__thumbnail\"><img loading=\"lazy\" decoding=\"async\" width=\"300\" height=\"200\" src=\"https:\/\/totart.barcelona\/wp-content\/uploads\/2025\/05\/litografia-barcelona-2024-josep-moscardo-tienda-de-cuadros-en-barcelona-300x200.jpg\" class=\"attachment-medium size-medium wp-image-26267\" alt=\"litografia barcelona\" srcset=\"https:\/\/totart.barcelona\/wp-content\/uploads\/2025\/05\/litografia-barcelona-2024-josep-moscardo-tienda-de-cuadros-en-barcelona-300x200.jpg 300w, https:\/\/totart.barcelona\/wp-content\/uploads\/2025\/05\/litografia-barcelona-2024-josep-moscardo-tienda-de-cuadros-en-barcelona-768x512.jpg 768w, https:\/\/totart.barcelona\/wp-content\/uploads\/2025\/05\/litografia-barcelona-2024-josep-moscardo-tienda-de-cuadros-en-barcelona.jpg 799w\" sizes=\"(max-width: 300px) 100vw, 300px\" \/><\/div>\n\t\t<\/a>\n\t\t\t\t<div class=\"elementor-post__text\">\n\t\t\t\t<h3 class=\"elementor-post__title\">\n\t\t\t<a href=\"https:\/\/totart.barcelona\/es\/litografia-barcelona\/\" >\n\t\t\t\tLitograf\u00eda Barcelona\t\t\t<\/a>\n\t\t<\/h3>\n\t\t\t\t<div class=\"elementor-post__meta-data\">\n\t\t\t\t\t<span class=\"elementor-post-author\">\n\t\t\tLaura Ros\t\t<\/span>\n\t\t\t\t<span class=\"elementor-post-date\">\n\t\t\tmayo 31, 2025\t\t<\/span>\n\t\t\t\t<\/div>\n\t\t\t\t<div class=\"elementor-post__excerpt\">\n\t\t\t<p>Te presentamos la litograf\u00eda de Barcelona 2024 . En Totart Enmarcats encontrar\u00e1s cuadros decorativos de Josep Moscard\u00f3. Admira los paisajes y perspectivas de Barcelona desde el Tibidabo. Vis\u00edtanos en nuestra tienda de cuadros en Barcelona en C\/ de Sants, 3.    <\/p>\n\t\t<\/div>\n\t\t\n\t\t<a class=\"elementor-post__read-more\" href=\"https:\/\/totart.barcelona\/es\/litografia-barcelona\/\" aria-label=\"M\u00e1s informaci\u00f3n sobre Litograf\u00eda Barcelona\" tabindex=\"-1\" >\n\t\t\tLeer m\u00e1s \u00bb\t\t<\/a>\n\n\t\t\t\t<\/div>\n\t\t\t\t<\/article>\n\t\t\t\t<article class=\"elementor-post elementor-grid-item post-26240 post type-post status-publish format-standard has-post-thumbnail hentry category-cuadros-decorativos tag-barcelona-es\" role=\"listitem\">\n\t\t\t\t<a class=\"elementor-post__thumbnail__link\" href=\"https:\/\/totart.barcelona\/es\/la-iglesia-del-pino\/\" tabindex=\"-1\" >\n\t\t\t<div class=\"elementor-post__thumbnail\"><img loading=\"lazy\" decoding=\"async\" width=\"211\" height=\"300\" src=\"https:\/\/totart.barcelona\/wp-content\/uploads\/2025\/05\/Esglesia-del-Pi-211x300.jpg\" class=\"attachment-medium size-medium wp-image-26010\" alt=\"Esglesia del Pi\" srcset=\"https:\/\/totart.barcelona\/wp-content\/uploads\/2025\/05\/Esglesia-del-Pi-211x300.jpg 211w, https:\/\/totart.barcelona\/wp-content\/uploads\/2025\/05\/Esglesia-del-Pi-719x1024.jpg 719w, https:\/\/totart.barcelona\/wp-content\/uploads\/2025\/05\/Esglesia-del-Pi-768x1093.jpg 768w, https:\/\/totart.barcelona\/wp-content\/uploads\/2025\/05\/Esglesia-del-Pi-1079x1536.jpg 1079w, https:\/\/totart.barcelona\/wp-content\/uploads\/2025\/05\/Esglesia-del-Pi.jpg 1152w\" sizes=\"(max-width: 211px) 100vw, 211px\" \/><\/div>\n\t\t<\/a>\n\t\t\t\t<div class=\"elementor-post__text\">\n\t\t\t\t<h3 class=\"elementor-post__title\">\n\t\t\t<a href=\"https:\/\/totart.barcelona\/es\/la-iglesia-del-pino\/\" >\n\t\t\t\tLa Iglesia del Pino\t\t\t<\/a>\n\t\t<\/h3>\n\t\t\t\t<div class=\"elementor-post__meta-data\">\n\t\t\t\t\t<span class=\"elementor-post-author\">\n\t\t\tLaura Ros\t\t<\/span>\n\t\t\t\t<span class=\"elementor-post-date\">\n\t\t\tmayo 24, 2025\t\t<\/span>\n\t\t\t\t<\/div>\n\t\t\t\t<div class=\"elementor-post__excerpt\">\n\t\t\t<p>Te presentamos la preciosa pintura de la iglesia de Santa Mar\u00eda del Pi de Barcelona. Un cuadro decorativo para recordar una de las bas\u00edlicas mas antiguas del barrio G\u00f3tico. \u00a1Visita nuestra tienda para poder ver el cuadro!  <\/p>\n\t\t<\/div>\n\t\t\n\t\t<a class=\"elementor-post__read-more\" href=\"https:\/\/totart.barcelona\/es\/la-iglesia-del-pino\/\" aria-label=\"M\u00e1s informaci\u00f3n sobre La Iglesia del Pino\" tabindex=\"-1\" >\n\t\t\tLeer m\u00e1s \u00bb\t\t<\/a>\n\n\t\t\t\t<\/div>\n\t\t\t\t<\/article>\n\t\t\t\t<\/div>\n\t\t\t\t\t<span class=\"e-load-more-spinner\">\n\t\t\t\t<svg aria-hidden=\"true\" class=\"e-font-icon-svg e-fas-spinner\" viewBox=\"0 0 512 512\" xmlns=\"http:\/\/www.w3.org\/2000\/svg\"><path d=\"M304 48c0 26.51-21.49 48-48 48s-48-21.49-48-48 21.49-48 48-48 48 21.49 48 48zm-48 368c-26.51 0-48 21.49-48 48s21.49 48 48 48 48-21.49 48-48-21.49-48-48-48zm208-208c-26.51 0-48 21.49-48 48s21.49 48 48 48 48-21.49 48-48-21.49-48-48-48zM96 256c0-26.51-21.49-48-48-48S0 229.49 0 256s21.49 48 48 48 48-21.49 48-48zm12.922 99.078c-26.51 0-48 21.49-48 48s21.49 48 48 48 48-21.49 48-48c0-26.509-21.491-48-48-48zm294.156 0c-26.51 0-48 21.49-48 48s21.49 48 48 48 48-21.49 48-48c0-26.509-21.49-48-48-48zM108.922 60.922c-26.51 0-48 21.49-48 48s21.49 48 48 48 48-21.49 48-48-21.491-48-48-48z\"><\/path><\/svg>\t\t\t<\/span>\n\t\t\n\t\t\t\t<div class=\"e-load-more-anchor\" data-page=\"1\" data-max-page=\"3\" data-next-page=\"https:\/\/totart.barcelona\/es\/wp-json\/wp\/v2\/pages\/27598\/page\/2\/\"><\/div>\n\t\t\t\t<div class=\"elementor-button-wrapper\">\n\t\t\t<a class=\"elementor-button elementor-size-sm\" role=\"button\">\n\t\t\t\t\t\t<span class=\"elementor-button-content-wrapper\">\n\t\t\t\t\t\t\t\t\t<span class=\"elementor-button-text\">Ver m\u00e1s<\/span>\n\t\t\t\t\t<\/span>\n\t\t\t\t\t<\/a>\n\t\t<\/div>\n\t\t\t\t<div class=\"e-load-more-message\"><\/div>\n\t\t\t\t\t\t<\/div>\n\t\t\t\t<\/div>\n\t\t\t\t\t<\/div>\n\t\t\t\t<\/div>\n\t\t\t\t<\/div>\n\t\t","protected":false},"excerpt":{"rendered":"<p>Historias de \u00e9xito<\/p>\n","protected":false},"author":1,"featured_media":0,"parent":0,"menu_order":0,"comment_status":"closed","ping_status":"closed","template":"","meta":{"footnotes":""},"class_list":["post-27598","page","type-page","status-publish","hentry"],"yoast_head":"<!-- This site is optimized with the Yoast SEO Premium plugin v22.6 (Yoast SEO v26.9) - https:\/\/yoast.com\/product\/yoast-seo-premium-wordpress\/ -->\n<title>Historias de \u00e9xito - Totart Emmarcats Barcelona<\/title>\n<meta name=\"robots\" content=\"index, follow, max-snippet:-1, max-image-preview:large, max-video-preview:-1\" \/>\n<link rel=\"canonical\" href=\"https:\/\/totart.barcelona\/es\/historias-de-exito\/\" \/>\n<meta property=\"og:locale\" content=\"es_ES\" \/>\n<meta property=\"og:type\" content=\"article\" \/>\n<meta property=\"og:title\" content=\"Historias de \u00e9xito\" \/>\n<meta property=\"og:description\" content=\"Historias de \u00e9xito\" \/>\n<meta property=\"og:url\" content=\"https:\/\/totart.barcelona\/es\/historias-de-exito\/\" \/>\n<meta property=\"og:site_name\" content=\"Totart Emmarcats Barcelona\" \/>\n<meta property=\"article:modified_time\" content=\"2025-07-23T13:51:11+00:00\" \/>\n<meta name=\"twitter:card\" content=\"summary_large_image\" \/>\n<script type=\"application\/ld+json\" class=\"yoast-schema-graph\">{\"@context\":\"https:\/\/schema.org\",\"@graph\":[{\"@type\":\"WebPage\",\"@id\":\"https:\/\/totart.barcelona\/es\/historias-de-exito\/\",\"url\":\"https:\/\/totart.barcelona\/es\/historias-de-exito\/\",\"name\":\"Historias de \u00e9xito - Totart Emmarcats Barcelona\",\"isPartOf\":{\"@id\":\"https:\/\/totart.barcelona\/es\/#website\"},\"datePublished\":\"2024-02-17T22:31:12+00:00\",\"dateModified\":\"2025-07-23T13:51:11+00:00\",\"breadcrumb\":{\"@id\":\"https:\/\/totart.barcelona\/es\/historias-de-exito\/#breadcrumb\"},\"inLanguage\":\"es\",\"potentialAction\":[{\"@type\":\"ReadAction\",\"target\":[\"https:\/\/totart.barcelona\/es\/historias-de-exito\/\"]}]},{\"@type\":\"BreadcrumbList\",\"@id\":\"https:\/\/totart.barcelona\/es\/historias-de-exito\/#breadcrumb\",\"itemListElement\":[{\"@type\":\"ListItem\",\"position\":1,\"name\":\"Portada\",\"item\":\"https:\/\/totart.barcelona\/es\/\"},{\"@type\":\"ListItem\",\"position\":2,\"name\":\"Historias de \u00e9xito\"}]},{\"@type\":\"WebSite\",\"@id\":\"https:\/\/totart.barcelona\/es\/#website\",\"url\":\"https:\/\/totart.barcelona\/es\/\",\"name\":\"Totart Emmarcats Barcelona\",\"description\":\"&lt;strong&gt;TOTART&lt;br \/&gt; EMMARCATS&lt;\/strong&gt;&lt;br \/&gt; Marcs i quadres&lt;br \/&gt; Sants, 3&lt;br \/&gt; Barcelona\",\"publisher\":{\"@id\":\"https:\/\/totart.barcelona\/es\/#organization\"},\"potentialAction\":[{\"@type\":\"SearchAction\",\"target\":{\"@type\":\"EntryPoint\",\"urlTemplate\":\"https:\/\/totart.barcelona\/es\/?s={search_term_string}\"},\"query-input\":{\"@type\":\"PropertyValueSpecification\",\"valueRequired\":true,\"valueName\":\"search_term_string\"}}],\"inLanguage\":\"es\"},{\"@type\":\"Organization\",\"@id\":\"https:\/\/totart.barcelona\/es\/#organization\",\"name\":\"Totart Emmarcats Barcelona\",\"url\":\"https:\/\/totart.barcelona\/es\/\",\"logo\":{\"@type\":\"ImageObject\",\"inLanguage\":\"es\",\"@id\":\"https:\/\/totart.barcelona\/es\/#\/schema\/logo\/image\/\",\"url\":\"https:\/\/totart.barcelona\/wp-content\/uploads\/2024\/02\/dibuix-marc-tarja-visita-nou-logo-totart-2.jpg\",\"contentUrl\":\"https:\/\/totart.barcelona\/wp-content\/uploads\/2024\/02\/dibuix-marc-tarja-visita-nou-logo-totart-2.jpg\",\"width\":263,\"height\":294,\"caption\":\"Totart Emmarcats Barcelona\"},\"image\":{\"@id\":\"https:\/\/totart.barcelona\/es\/#\/schema\/logo\/image\/\"}}]}<\/script>\n<!-- \/ Yoast SEO Premium plugin. -->","yoast_head_json":{"title":"Historias de \u00e9xito - Totart Emmarcats Barcelona","robots":{"index":"index","follow":"follow","max-snippet":"max-snippet:-1","max-image-preview":"max-image-preview:large","max-video-preview":"max-video-preview:-1"},"canonical":"https:\/\/totart.barcelona\/es\/historias-de-exito\/","og_locale":"es_ES","og_type":"article","og_title":"Historias de \u00e9xito","og_description":"Historias de \u00e9xito","og_url":"https:\/\/totart.barcelona\/es\/historias-de-exito\/","og_site_name":"Totart Emmarcats Barcelona","article_modified_time":"2025-07-23T13:51:11+00:00","twitter_card":"summary_large_image","schema":{"@context":"https:\/\/schema.org","@graph":[{"@type":"WebPage","@id":"https:\/\/totart.barcelona\/es\/historias-de-exito\/","url":"https:\/\/totart.barcelona\/es\/historias-de-exito\/","name":"Historias de \u00e9xito - Totart Emmarcats Barcelona","isPartOf":{"@id":"https:\/\/totart.barcelona\/es\/#website"},"datePublished":"2024-02-17T22:31:12+00:00","dateModified":"2025-07-23T13:51:11+00:00","breadcrumb":{"@id":"https:\/\/totart.barcelona\/es\/historias-de-exito\/#breadcrumb"},"inLanguage":"es","potentialAction":[{"@type":"ReadAction","target":["https:\/\/totart.barcelona\/es\/historias-de-exito\/"]}]},{"@type":"BreadcrumbList","@id":"https:\/\/totart.barcelona\/es\/historias-de-exito\/#breadcrumb","itemListElement":[{"@type":"ListItem","position":1,"name":"Portada","item":"https:\/\/totart.barcelona\/es\/"},{"@type":"ListItem","position":2,"name":"Historias de \u00e9xito"}]},{"@type":"WebSite","@id":"https:\/\/totart.barcelona\/es\/#website","url":"https:\/\/totart.barcelona\/es\/","name":"Totart Emmarcats Barcelona","description":"&lt;strong&gt;TOTART&lt;br \/&gt; EMMARCATS&lt;\/strong&gt;&lt;br \/&gt; Marcs i quadres&lt;br \/&gt; Sants, 3&lt;br \/&gt; Barcelona","publisher":{"@id":"https:\/\/totart.barcelona\/es\/#organization"},"potentialAction":[{"@type":"SearchAction","target":{"@type":"EntryPoint","urlTemplate":"https:\/\/totart.barcelona\/es\/?s={search_term_string}"},"query-input":{"@type":"PropertyValueSpecification","valueRequired":true,"valueName":"search_term_string"}}],"inLanguage":"es"},{"@type":"Organization","@id":"https:\/\/totart.barcelona\/es\/#organization","name":"Totart Emmarcats Barcelona","url":"https:\/\/totart.barcelona\/es\/","logo":{"@type":"ImageObject","inLanguage":"es","@id":"https:\/\/totart.barcelona\/es\/#\/schema\/logo\/image\/","url":"https:\/\/totart.barcelona\/wp-content\/uploads\/2024\/02\/dibuix-marc-tarja-visita-nou-logo-totart-2.jpg","contentUrl":"https:\/\/totart.barcelona\/wp-content\/uploads\/2024\/02\/dibuix-marc-tarja-visita-nou-logo-totart-2.jpg","width":263,"height":294,"caption":"Totart Emmarcats Barcelona"},"image":{"@id":"https:\/\/totart.barcelona\/es\/#\/schema\/logo\/image\/"}}]}},"_links":{"self":[{"href":"https:\/\/totart.barcelona\/es\/wp-json\/wp\/v2\/pages\/27598","targetHints":{"allow":["GET"]}}],"collection":[{"href":"https:\/\/totart.barcelona\/es\/wp-json\/wp\/v2\/pages"}],"about":[{"href":"https:\/\/totart.barcelona\/es\/wp-json\/wp\/v2\/types\/page"}],"author":[{"embeddable":true,"href":"https:\/\/totart.barcelona\/es\/wp-json\/wp\/v2\/users\/1"}],"replies":[{"embeddable":true,"href":"https:\/\/totart.barcelona\/es\/wp-json\/wp\/v2\/comments?post=27598"}],"version-history":[{"count":1,"href":"https:\/\/totart.barcelona\/es\/wp-json\/wp\/v2\/pages\/27598\/revisions"}],"predecessor-version":[{"id":27599,"href":"https:\/\/totart.barcelona\/es\/wp-json\/wp\/v2\/pages\/27598\/revisions\/27599"}],"wp:attachment":[{"href":"https:\/\/totart.barcelona\/es\/wp-json\/wp\/v2\/media?parent=27598"}],"curies":[{"name":"wp","href":"https:\/\/api.w.org\/{rel}","templated":true}]}}