{"id":27590,"date":"2024-03-14T12:05:38","date_gmt":"2024-03-14T12:05:38","guid":{"rendered":"https:\/\/totart.barcelona\/catalogo-de-cuadros\/"},"modified":"2025-07-23T13:37:20","modified_gmt":"2025-07-23T13:37:20","slug":"catalogo-de-cuadros","status":"publish","type":"page","link":"https:\/\/totart.barcelona\/es\/catalogo-de-cuadros\/","title":{"rendered":"Cat\u00e1logo de cuadros"},"content":{"rendered":"\t\t<div data-elementor-type=\"wp-page\" data-elementor-id=\"27590\" class=\"elementor elementor-27590 elementor-15224\" data-elementor-post-type=\"page\">\n\t\t\t\t<div class=\"elementor-element elementor-element-06e5ee5 e-con-full e-flex e-con e-parent\" data-id=\"06e5ee5\" data-element_type=\"container\" data-e-type=\"container\">\n\t\t\t\t<div class=\"elementor-element elementor-element-1357b11 elementor-invisible elementor-widget elementor-widget-global elementor-global-15256 elementor-widget-heading\" data-id=\"1357b11\" data-element_type=\"widget\" data-e-type=\"widget\" data-settings=\"{&quot;_animation&quot;:&quot;fadeIn&quot;}\" data-widget_type=\"heading.default\">\n\t\t\t\t<div class=\"elementor-widget-container\">\n\t\t\t\t\t<h1 class=\"elementor-heading-title elementor-size-default\"> galeria quadres<\/h1>\t\t\t\t<\/div>\n\t\t\t\t<\/div>\n\t\t\t\t<\/div>\n\t\t<div class=\"elementor-element elementor-element-42ae356c e-flex e-con-boxed e-con e-child\" data-id=\"42ae356c\" data-element_type=\"container\" data-e-type=\"container\" data-settings=\"{&quot;background_background&quot;:&quot;classic&quot;}\">\n\t\t\t\t\t<div class=\"e-con-inner\">\n\t\t<a class=\"elementor-element elementor-element-b51e873 e-con-full e-flex e-con e-child\" data-id=\"b51e873\" data-element_type=\"container\" data-e-type=\"container\" href=\"https:\/\/totart.barcelona\/pintura-floral\/\">\n\t\t\t\t<div class=\"elementor-element elementor-element-4c9ed02 elementor-widget elementor-widget-heading\" data-id=\"4c9ed02\" data-element_type=\"widget\" data-e-type=\"widget\" data-widget_type=\"heading.default\">\n\t\t\t\t<div class=\"elementor-widget-container\">\n\t\t\t\t\t<h2 class=\"elementor-heading-title elementor-size-default\">PINTURA FLORAL<\/h2>\t\t\t\t<\/div>\n\t\t\t\t<\/div>\n\t\t\t\t<\/a>\n\t\t<a class=\"elementor-element elementor-element-13bfa92 e-con-full e-flex e-con e-child\" data-id=\"13bfa92\" data-element_type=\"container\" data-e-type=\"container\" href=\"https:\/\/totart.barcelona\/quadres-abstractes\/\">\n\t\t\t\t<div class=\"elementor-element elementor-element-7f8a105 elementor-widget elementor-widget-heading\" data-id=\"7f8a105\" data-element_type=\"widget\" data-e-type=\"widget\" data-widget_type=\"heading.default\">\n\t\t\t\t<div class=\"elementor-widget-container\">\n\t\t\t\t\t<h2 class=\"elementor-heading-title elementor-size-default\">ABSTRACTO<\/h2>\t\t\t\t<\/div>\n\t\t\t\t<\/div>\n\t\t\t\t<\/a>\n\t\t<a class=\"elementor-element elementor-element-5adfca9 e-con-full e-flex e-con e-child\" data-id=\"5adfca9\" data-element_type=\"container\" data-e-type=\"container\" href=\"https:\/\/totart.barcelona\/pintures-de-barcelona\/\">\n\t\t\t\t<div class=\"elementor-element elementor-element-e562629 elementor-widget elementor-widget-heading\" data-id=\"e562629\" data-element_type=\"widget\" data-e-type=\"widget\" data-widget_type=\"heading.default\">\n\t\t\t\t<div class=\"elementor-widget-container\">\n\t\t\t\t\t<h2 class=\"elementor-heading-title elementor-size-default\">PINTURA BCN<\/h2>\t\t\t\t<\/div>\n\t\t\t\t<\/div>\n\t\t\t\t<\/a>\n\t\t\t\t\t<\/div>\n\t\t\t\t<\/div>\n\t\t<div class=\"elementor-element elementor-element-1793e18 e-flex e-con-boxed e-con e-child\" data-id=\"1793e18\" data-element_type=\"container\" data-e-type=\"container\" data-settings=\"{&quot;background_background&quot;:&quot;classic&quot;}\">\n\t\t\t\t\t<div class=\"e-con-inner\">\n\t\t<a class=\"elementor-element elementor-element-46e9e77 e-con-full e-flex e-con e-child\" data-id=\"46e9e77\" data-element_type=\"container\" data-e-type=\"container\" href=\"https:\/\/totart.barcelona\/josep-moscardo-a-la-pedrera\/\">\n\t\t\t\t<div class=\"elementor-element elementor-element-e678e64 elementor-widget elementor-widget-heading\" data-id=\"e678e64\" data-element_type=\"widget\" data-e-type=\"widget\" data-widget_type=\"heading.default\">\n\t\t\t\t<div class=\"elementor-widget-container\">\n\t\t\t\t\t<h2 class=\"elementor-heading-title elementor-size-default\">JOSEP MOSCARD\u00d3<\/h2>\t\t\t\t<\/div>\n\t\t\t\t<\/div>\n\t\t\t\t<\/a>\n\t\t<a class=\"elementor-element elementor-element-c4adb5d e-con-full e-flex e-con e-child\" data-id=\"c4adb5d\" data-element_type=\"container\" data-e-type=\"container\" href=\"https:\/\/totart.barcelona\/lola-abellan-pintura\/\">\n\t\t\t\t<div class=\"elementor-element elementor-element-24c6ff3 elementor-widget elementor-widget-heading\" data-id=\"24c6ff3\" data-element_type=\"widget\" data-e-type=\"widget\" data-widget_type=\"heading.default\">\n\t\t\t\t<div class=\"elementor-widget-container\">\n\t\t\t\t\t<h2 class=\"elementor-heading-title elementor-size-default\">lola abellan<\/h2>\t\t\t\t<\/div>\n\t\t\t\t<\/div>\n\t\t\t\t<\/a>\n\t\t<a class=\"elementor-element elementor-element-4919f98 e-con-full e-flex e-con e-child\" data-id=\"4919f98\" data-element_type=\"container\" data-e-type=\"container\" href=\"https:\/\/www.originallitography.com\/\">\n\t\t\t\t<div class=\"elementor-element elementor-element-1f333ce elementor-widget elementor-widget-heading\" data-id=\"1f333ce\" data-element_type=\"widget\" data-e-type=\"widget\" data-widget_type=\"heading.default\">\n\t\t\t\t<div class=\"elementor-widget-container\">\n\t\t\t\t\t<h2 class=\"elementor-heading-title elementor-size-default\">lourenco didier<\/h2>\t\t\t\t<\/div>\n\t\t\t\t<\/div>\n\t\t\t\t<\/a>\n\t\t\t\t\t<\/div>\n\t\t\t\t<\/div>\n\t\t<div class=\"elementor-element elementor-element-9ad0ac5 e-flex e-con-boxed e-con e-child\" data-id=\"9ad0ac5\" data-element_type=\"container\" data-e-type=\"container\" data-settings=\"{&quot;background_background&quot;:&quot;classic&quot;}\">\n\t\t\t\t\t<div class=\"e-con-inner\">\n\t\t<a class=\"elementor-element elementor-element-55ded46 e-con-full e-flex e-con e-child\" data-id=\"55ded46\" data-element_type=\"container\" data-e-type=\"container\" href=\"https:\/\/totart.barcelona\/quadres-de-paisatges-naturalesa\/\">\n\t\t\t\t<div class=\"elementor-element elementor-element-a924e8f elementor-widget elementor-widget-heading\" data-id=\"a924e8f\" data-element_type=\"widget\" data-e-type=\"widget\" data-widget_type=\"heading.default\">\n\t\t\t\t<div class=\"elementor-widget-container\">\n\t\t\t\t\t<h2 class=\"elementor-heading-title elementor-size-default\">FOTOS NATURALEZA<\/h2>\t\t\t\t<\/div>\n\t\t\t\t<\/div>\n\t\t\t\t<\/a>\n\t\t<a class=\"elementor-element elementor-element-8242f6a e-con-full e-flex e-con e-child\" data-id=\"8242f6a\" data-element_type=\"container\" data-e-type=\"container\" href=\"https:\/\/totart.barcelona\/fotos-impresas-de-barcelona\/\">\n\t\t\t\t<div class=\"elementor-element elementor-element-ec42e95 elementor-widget elementor-widget-heading\" data-id=\"ec42e95\" data-element_type=\"widget\" data-e-type=\"widget\" data-widget_type=\"heading.default\">\n\t\t\t\t<div class=\"elementor-widget-container\">\n\t\t\t\t\t<h2 class=\"elementor-heading-title elementor-size-default\">FOTOS DE BARCELONA<\/h2>\t\t\t\t<\/div>\n\t\t\t\t<\/div>\n\t\t\t\t<\/a>\n\t\t<a class=\"elementor-element elementor-element-2865f83 e-con-full e-flex e-con e-child\" data-id=\"2865f83\" data-element_type=\"container\" data-e-type=\"container\" href=\"https:\/\/totart.barcelona\/els-sorrals-de-marcos-zrihen\/\">\n\t\t\t\t<div class=\"elementor-element elementor-element-dd19770 elementor-widget elementor-widget-heading\" data-id=\"dd19770\" data-element_type=\"widget\" data-e-type=\"widget\" data-widget_type=\"heading.default\">\n\t\t\t\t<div class=\"elementor-widget-container\">\n\t\t\t\t\t<h2 class=\"elementor-heading-title elementor-size-default\">MARCOS ZRIHEN<\/h2>\t\t\t\t<\/div>\n\t\t\t\t<\/div>\n\t\t\t\t<\/a>\n\t\t\t\t\t<\/div>\n\t\t\t\t<\/div>\n\t\t<div class=\"elementor-element elementor-element-11acc0c8 e-con-full e-flex e-con e-parent\" data-id=\"11acc0c8\" data-element_type=\"container\" data-e-type=\"container\" data-settings=\"{&quot;background_background&quot;:&quot;classic&quot;}\">\n\t\t<div class=\"elementor-element elementor-element-26627df e-con-full e-flex e-con e-child\" data-id=\"26627df\" data-element_type=\"container\" data-e-type=\"container\">\n\t\t\t\t<div class=\"elementor-element elementor-element-2f9f6d84 elementor-widget__width-initial elementor-widget-mobile__width-inherit elementor-widget elementor-widget-text-editor\" data-id=\"2f9f6d84\" data-element_type=\"widget\" data-e-type=\"widget\" data-widget_type=\"text-editor.default\">\n\t\t\t\t<div class=\"elementor-widget-container\">\n\t\t\t\t\t\t\t\t\t<p style=\"text-align: left;\">Ofrecemos una elecci\u00f3n de cat\u00e1logos de cuadros para que encuentres el tuyo. Adem\u00e1s te ofrecemos el servicio de enmarcado a medida en nuestra tienda de la <a href=\"https:\/\/www.google.es\/maps\/place\/Totart+Tienda+de+Enmarcaci%C3%B3n\/@41.3752127,2.1380753,17z\/data=!3m1!4b1!4m6!3m5!1s0x12a49883f264f335:0x87af3b054a7ac581!8m2!3d41.3752087!4d2.1406502!16s%2Fg%2F1tfdhq8q?hl=es&amp;entry=ttu&amp;g_ep=EgoyMDI0MTExMS4wIKXMDSoASAFQAw%3D%3D\">Calle de Sants, 3<\/a> de Barcelona. <\/p><p style=\"text-align: left;\">\u00a1Con nuestro asesoramiento personalizado podemos crear piezas \u00fanicas!<\/p><p style=\"text-align: left;\">Desde 1988 estamos al servicio de personas y empresas que quieren marcos a medida, que valoren el trabajo bien hecho, con <a href=\"https:\/\/totart.barcelona\/es\/recuerdos-y-antiguedades\/\">gusto est\u00e9tico <\/a>y originalidad.<\/p><p style=\"text-align: left;\">A quienes desean renovar sus marcos porque saben que una obra bien enmarcada y restaurada recupera su valor. <\/p><p style=\"text-align: left;\">Ver\u00e1s la diferencia entre una enmarcaci\u00f3n hecha a medida y un marco est\u00e1ndar.<\/p><p style=\"text-align: left;\">Te demostraremos que en la elecci\u00f3n del marco radica la clave del \u00e9xito de un cuadro est\u00e9ticamente bien enmarcado ya tu antojo. <\/p>\t\t\t\t\t\t\t\t<\/div>\n\t\t\t\t<\/div>\n\t\t\t\t<\/div>\n\t\t<div class=\"elementor-element elementor-element-1cc0fec0 e-con-full e-flex e-con e-child\" data-id=\"1cc0fec0\" data-element_type=\"container\" data-e-type=\"container\" data-settings=\"{&quot;background_background&quot;:&quot;classic&quot;}\">\n\t\t\t\t<\/div>\n\t\t\t\t<\/div>\n\t\t\t\t<\/div>\n\t\t","protected":false},"excerpt":{"rendered":"<p>Cat\u00e1logo de cuadros de TOTART ENMARCADOS. Elige tu obra original, fotograf\u00eda, pintura sobre papel&#8230;Vis\u00edtenos en Barcelona, Calle de Sants, 3 <\/p>\n","protected":false},"author":2,"featured_media":24594,"parent":0,"menu_order":0,"comment_status":"closed","ping_status":"closed","template":"","meta":{"footnotes":""},"class_list":["post-27590","page","type-page","status-publish","has-post-thumbnail","hentry"],"yoast_head":"<!-- This site is optimized with the Yoast SEO Premium plugin v22.6 (Yoast SEO v26.9) - https:\/\/yoast.com\/product\/yoast-seo-premium-wordpress\/ -->\n<title>Cat\u00e1logo de cuadros \ud83d\uddbc\ufe0f- Totart Emmarcats Barcelona - Decoraci\u00f3<\/title>\n<meta name=\"description\" content=\"Cat\u00e1logo de cuadros de TOTART ENMARCADOS. Elige tu obra original, fotograf\u00eda, pintura sobre papel...Vis\u00edtenos en Barcelona, Calle de Sants, 3\" \/>\n<meta name=\"robots\" content=\"index, follow, max-snippet:-1, max-image-preview:large, max-video-preview:-1\" \/>\n<link rel=\"canonical\" href=\"https:\/\/totart.barcelona\/es\/catalogo-de-cuadros\/\" \/>\n<meta property=\"og:locale\" content=\"es_ES\" \/>\n<meta property=\"og:type\" content=\"article\" \/>\n<meta property=\"og:title\" content=\"Cat\u00e1logo de cuadros - Totart Emmarcats Barcelona - Decoraci\u00f3n\" \/>\n<meta property=\"og:description\" content=\"Cat\u00e1logo de cuadros de TOTART ENMARCADOS. Elige tu obra original, fotograf\u00eda, pintura sobre papel...Vis\u00edtenos en Barcelona, Calle de Sants, 3\" \/>\n<meta property=\"og:url\" content=\"https:\/\/totart.barcelona\/es\/catalogo-de-cuadros\/\" \/>\n<meta property=\"og:site_name\" content=\"Totart Emmarcats Barcelona\" \/>\n<meta property=\"article:modified_time\" content=\"2025-07-23T13:37:20+00:00\" \/>\n<meta property=\"og:image\" content=\"https:\/\/totart.barcelona\/wp-content\/uploads\/2024\/06\/cuadro-abstracto-decorativo_480x498-289x300.jpeg\" \/>\n<meta name=\"twitter:card\" content=\"summary_large_image\" \/>\n<meta name=\"twitter:title\" content=\"Cat\u00e1logo de cuadros - Totart Emmarcats Barcelona - Decoraci\u00f3\" \/>\n<meta name=\"twitter:description\" content=\"Cat\u00e1logo de cuadros de TOTART ENMARCADOS. Elige tu obra original, fotograf\u00eda, pintura sobre papel...Vis\u00edtenos en Barcelona, Calle de Sants, 3\" \/>\n<meta name=\"twitter:label1\" content=\"Tiempo de lectura\" \/>\n\t<meta name=\"twitter:data1\" content=\"1 minuto\" \/>\n<script type=\"application\/ld+json\" class=\"yoast-schema-graph\">{\"@context\":\"https:\/\/schema.org\",\"@graph\":[{\"@type\":\"WebPage\",\"@id\":\"https:\/\/totart.barcelona\/es\/catalogo-de-cuadros\/\",\"url\":\"https:\/\/totart.barcelona\/es\/catalogo-de-cuadros\/\",\"name\":\"Cat\u00e1logo de cuadros \ud83d\uddbc\ufe0f- Totart Emmarcats Barcelona - Decoraci\u00f3\",\"isPartOf\":{\"@id\":\"https:\/\/totart.barcelona\/es\/#website\"},\"primaryImageOfPage\":{\"@id\":\"https:\/\/totart.barcelona\/es\/catalogo-de-cuadros\/#primaryimage\"},\"image\":{\"@id\":\"https:\/\/totart.barcelona\/es\/catalogo-de-cuadros\/#primaryimage\"},\"thumbnailUrl\":\"https:\/\/totart.barcelona\/wp-content\/uploads\/2024\/06\/cuadro-abstracto-decorativo_480x498.jpeg\",\"datePublished\":\"2024-03-14T12:05:38+00:00\",\"dateModified\":\"2025-07-23T13:37:20+00:00\",\"description\":\"Cat\u00e1logo de cuadros de TOTART ENMARCADOS. Elige tu obra original, fotograf\u00eda, pintura sobre papel...Vis\u00edtenos en Barcelona, Calle de Sants, 3\",\"breadcrumb\":{\"@id\":\"https:\/\/totart.barcelona\/es\/catalogo-de-cuadros\/#breadcrumb\"},\"inLanguage\":\"es\",\"potentialAction\":[{\"@type\":\"ReadAction\",\"target\":[\"https:\/\/totart.barcelona\/es\/catalogo-de-cuadros\/\"]}]},{\"@type\":\"ImageObject\",\"inLanguage\":\"es\",\"@id\":\"https:\/\/totart.barcelona\/es\/catalogo-de-cuadros\/#primaryimage\",\"url\":\"https:\/\/totart.barcelona\/wp-content\/uploads\/2024\/06\/cuadro-abstracto-decorativo_480x498.jpeg\",\"contentUrl\":\"https:\/\/totart.barcelona\/wp-content\/uploads\/2024\/06\/cuadro-abstracto-decorativo_480x498.jpeg\",\"width\":480,\"height\":498,\"caption\":\"cat\u00e0leg de quadres\"},{\"@type\":\"BreadcrumbList\",\"@id\":\"https:\/\/totart.barcelona\/es\/catalogo-de-cuadros\/#breadcrumb\",\"itemListElement\":[{\"@type\":\"ListItem\",\"position\":1,\"name\":\"Portada\",\"item\":\"https:\/\/totart.barcelona\/es\/\"},{\"@type\":\"ListItem\",\"position\":2,\"name\":\"Cat\u00e1logo de cuadros\"}]},{\"@type\":\"WebSite\",\"@id\":\"https:\/\/totart.barcelona\/es\/#website\",\"url\":\"https:\/\/totart.barcelona\/es\/\",\"name\":\"Totart Emmarcats Barcelona\",\"description\":\"&lt;strong&gt;TOTART&lt;br \/&gt; EMMARCATS&lt;\/strong&gt;&lt;br \/&gt; Marcs i quadres&lt;br \/&gt; Sants, 3&lt;br \/&gt; Barcelona\",\"publisher\":{\"@id\":\"https:\/\/totart.barcelona\/es\/#organization\"},\"potentialAction\":[{\"@type\":\"SearchAction\",\"target\":{\"@type\":\"EntryPoint\",\"urlTemplate\":\"https:\/\/totart.barcelona\/es\/?s={search_term_string}\"},\"query-input\":{\"@type\":\"PropertyValueSpecification\",\"valueRequired\":true,\"valueName\":\"search_term_string\"}}],\"inLanguage\":\"es\"},{\"@type\":\"Organization\",\"@id\":\"https:\/\/totart.barcelona\/es\/#organization\",\"name\":\"Totart Emmarcats Barcelona\",\"url\":\"https:\/\/totart.barcelona\/es\/\",\"logo\":{\"@type\":\"ImageObject\",\"inLanguage\":\"es\",\"@id\":\"https:\/\/totart.barcelona\/es\/#\/schema\/logo\/image\/\",\"url\":\"https:\/\/totart.barcelona\/wp-content\/uploads\/2024\/02\/dibuix-marc-tarja-visita-nou-logo-totart-2.jpg\",\"contentUrl\":\"https:\/\/totart.barcelona\/wp-content\/uploads\/2024\/02\/dibuix-marc-tarja-visita-nou-logo-totart-2.jpg\",\"width\":263,\"height\":294,\"caption\":\"Totart Emmarcats Barcelona\"},\"image\":{\"@id\":\"https:\/\/totart.barcelona\/es\/#\/schema\/logo\/image\/\"}}]}<\/script>\n<!-- \/ Yoast SEO Premium plugin. -->","yoast_head_json":{"title":"Cat\u00e1logo de cuadros \ud83d\uddbc\ufe0f- Totart Emmarcats Barcelona - Decoraci\u00f3","description":"Cat\u00e1logo de cuadros de TOTART ENMARCADOS. Elige tu obra original, fotograf\u00eda, pintura sobre papel...Vis\u00edtenos en Barcelona, Calle de Sants, 3","robots":{"index":"index","follow":"follow","max-snippet":"max-snippet:-1","max-image-preview":"max-image-preview:large","max-video-preview":"max-video-preview:-1"},"canonical":"https:\/\/totart.barcelona\/es\/catalogo-de-cuadros\/","og_locale":"es_ES","og_type":"article","og_title":"Cat\u00e1logo de cuadros - Totart Emmarcats Barcelona - Decoraci\u00f3n","og_description":"Cat\u00e1logo de cuadros de TOTART ENMARCADOS. Elige tu obra original, fotograf\u00eda, pintura sobre papel...Vis\u00edtenos en Barcelona, Calle de Sants, 3","og_url":"https:\/\/totart.barcelona\/es\/catalogo-de-cuadros\/","og_site_name":"Totart Emmarcats Barcelona","article_modified_time":"2025-07-23T13:37:20+00:00","og_image":[{"url":"https:\/\/totart.barcelona\/wp-content\/uploads\/2024\/06\/cuadro-abstracto-decorativo_480x498-289x300.jpeg","type":"","width":"","height":""}],"twitter_card":"summary_large_image","twitter_title":"Cat\u00e1logo de cuadros - Totart Emmarcats Barcelona - Decoraci\u00f3","twitter_description":"Cat\u00e1logo de cuadros de TOTART ENMARCADOS. Elige tu obra original, fotograf\u00eda, pintura sobre papel...Vis\u00edtenos en Barcelona, Calle de Sants, 3","twitter_misc":{"Tiempo de lectura":"1 minuto"},"schema":{"@context":"https:\/\/schema.org","@graph":[{"@type":"WebPage","@id":"https:\/\/totart.barcelona\/es\/catalogo-de-cuadros\/","url":"https:\/\/totart.barcelona\/es\/catalogo-de-cuadros\/","name":"Cat\u00e1logo de cuadros \ud83d\uddbc\ufe0f- Totart Emmarcats Barcelona - Decoraci\u00f3","isPartOf":{"@id":"https:\/\/totart.barcelona\/es\/#website"},"primaryImageOfPage":{"@id":"https:\/\/totart.barcelona\/es\/catalogo-de-cuadros\/#primaryimage"},"image":{"@id":"https:\/\/totart.barcelona\/es\/catalogo-de-cuadros\/#primaryimage"},"thumbnailUrl":"https:\/\/totart.barcelona\/wp-content\/uploads\/2024\/06\/cuadro-abstracto-decorativo_480x498.jpeg","datePublished":"2024-03-14T12:05:38+00:00","dateModified":"2025-07-23T13:37:20+00:00","description":"Cat\u00e1logo de cuadros de TOTART ENMARCADOS. Elige tu obra original, fotograf\u00eda, pintura sobre papel...Vis\u00edtenos en Barcelona, Calle de Sants, 3","breadcrumb":{"@id":"https:\/\/totart.barcelona\/es\/catalogo-de-cuadros\/#breadcrumb"},"inLanguage":"es","potentialAction":[{"@type":"ReadAction","target":["https:\/\/totart.barcelona\/es\/catalogo-de-cuadros\/"]}]},{"@type":"ImageObject","inLanguage":"es","@id":"https:\/\/totart.barcelona\/es\/catalogo-de-cuadros\/#primaryimage","url":"https:\/\/totart.barcelona\/wp-content\/uploads\/2024\/06\/cuadro-abstracto-decorativo_480x498.jpeg","contentUrl":"https:\/\/totart.barcelona\/wp-content\/uploads\/2024\/06\/cuadro-abstracto-decorativo_480x498.jpeg","width":480,"height":498,"caption":"cat\u00e0leg de quadres"},{"@type":"BreadcrumbList","@id":"https:\/\/totart.barcelona\/es\/catalogo-de-cuadros\/#breadcrumb","itemListElement":[{"@type":"ListItem","position":1,"name":"Portada","item":"https:\/\/totart.barcelona\/es\/"},{"@type":"ListItem","position":2,"name":"Cat\u00e1logo de cuadros"}]},{"@type":"WebSite","@id":"https:\/\/totart.barcelona\/es\/#website","url":"https:\/\/totart.barcelona\/es\/","name":"Totart Emmarcats Barcelona","description":"&lt;strong&gt;TOTART&lt;br \/&gt; EMMARCATS&lt;\/strong&gt;&lt;br \/&gt; Marcs i quadres&lt;br \/&gt; Sants, 3&lt;br \/&gt; Barcelona","publisher":{"@id":"https:\/\/totart.barcelona\/es\/#organization"},"potentialAction":[{"@type":"SearchAction","target":{"@type":"EntryPoint","urlTemplate":"https:\/\/totart.barcelona\/es\/?s={search_term_string}"},"query-input":{"@type":"PropertyValueSpecification","valueRequired":true,"valueName":"search_term_string"}}],"inLanguage":"es"},{"@type":"Organization","@id":"https:\/\/totart.barcelona\/es\/#organization","name":"Totart Emmarcats Barcelona","url":"https:\/\/totart.barcelona\/es\/","logo":{"@type":"ImageObject","inLanguage":"es","@id":"https:\/\/totart.barcelona\/es\/#\/schema\/logo\/image\/","url":"https:\/\/totart.barcelona\/wp-content\/uploads\/2024\/02\/dibuix-marc-tarja-visita-nou-logo-totart-2.jpg","contentUrl":"https:\/\/totart.barcelona\/wp-content\/uploads\/2024\/02\/dibuix-marc-tarja-visita-nou-logo-totart-2.jpg","width":263,"height":294,"caption":"Totart Emmarcats Barcelona"},"image":{"@id":"https:\/\/totart.barcelona\/es\/#\/schema\/logo\/image\/"}}]}},"_links":{"self":[{"href":"https:\/\/totart.barcelona\/es\/wp-json\/wp\/v2\/pages\/27590","targetHints":{"allow":["GET"]}}],"collection":[{"href":"https:\/\/totart.barcelona\/es\/wp-json\/wp\/v2\/pages"}],"about":[{"href":"https:\/\/totart.barcelona\/es\/wp-json\/wp\/v2\/types\/page"}],"author":[{"embeddable":true,"href":"https:\/\/totart.barcelona\/es\/wp-json\/wp\/v2\/users\/2"}],"replies":[{"embeddable":true,"href":"https:\/\/totart.barcelona\/es\/wp-json\/wp\/v2\/comments?post=27590"}],"version-history":[{"count":5,"href":"https:\/\/totart.barcelona\/es\/wp-json\/wp\/v2\/pages\/27590\/revisions"}],"predecessor-version":[{"id":27596,"href":"https:\/\/totart.barcelona\/es\/wp-json\/wp\/v2\/pages\/27590\/revisions\/27596"}],"wp:featuredmedia":[{"embeddable":true,"href":"https:\/\/totart.barcelona\/es\/wp-json\/wp\/v2\/media\/24594"}],"wp:attachment":[{"href":"https:\/\/totart.barcelona\/es\/wp-json\/wp\/v2\/media?parent=27590"}],"curies":[{"name":"wp","href":"https:\/\/api.w.org\/{rel}","templated":true}]}}