{"id":27586,"date":"2024-02-15T12:02:48","date_gmt":"2024-02-15T12:02:48","guid":{"rendered":"https:\/\/totart.barcelona\/que-enmarcamos\/"},"modified":"2025-07-23T11:48:45","modified_gmt":"2025-07-23T11:48:45","slug":"que-enmarcamos","status":"publish","type":"page","link":"https:\/\/totart.barcelona\/es\/que-enmarcamos\/","title":{"rendered":"\u00bfQu\u00e9 enmarcamos?"},"content":{"rendered":"\t\t<div data-elementor-type=\"wp-page\" data-elementor-id=\"27586\" class=\"elementor elementor-27586 elementor-14613\" data-elementor-post-type=\"page\">\n\t\t\t\t<div class=\"elementor-element elementor-element-a8c6a33 e-flex e-con-boxed e-con e-parent\" data-id=\"a8c6a33\" data-element_type=\"container\" data-e-type=\"container\">\n\t\t\t\t\t<div class=\"e-con-inner\">\n\t\t<div class=\"elementor-element elementor-element-7a606f5 e-con-full e-flex e-con e-child\" data-id=\"7a606f5\" data-element_type=\"container\" data-e-type=\"container\">\n\t\t\t\t<div class=\"elementor-element elementor-element-989418c elementor-invisible elementor-widget elementor-widget-icon-box\" data-id=\"989418c\" data-element_type=\"widget\" data-e-type=\"widget\" data-settings=\"{&quot;_animation&quot;:&quot;fadeInLeft&quot;}\" data-widget_type=\"icon-box.default\">\n\t\t\t\t<div class=\"elementor-widget-container\">\n\t\t\t\t\t\t\t<div class=\"elementor-icon-box-wrapper\">\n\n\t\t\t\n\t\t\t\t\t\t<div class=\"elementor-icon-box-content\">\n\n\t\t\t\t\t\t\t\t\t<h3 class=\"elementor-icon-box-title\">\n\t\t\t\t\t\t<a href=\"https:\/\/totart.barcelona\/es\/que-enmarcamos\/\" >\n\t\t\t\t\t\t\t\u00bfQu\u00e9 enmarcamos?\t\t\t\t\t\t<\/a>\n\t\t\t\t\t<\/h3>\n\t\t\t\t\n\t\t\t\t\n\t\t\t<\/div>\n\t\t\t\n\t\t<\/div>\n\t\t\t\t\t\t<\/div>\n\t\t\t\t<\/div>\n\t\t<div class=\"elementor-element elementor-element-486a911 e-con-full e-flex e-con e-child\" data-id=\"486a911\" data-element_type=\"container\" data-e-type=\"container\" data-settings=\"{&quot;background_background&quot;:&quot;classic&quot;}\">\n\t\t\t\t<\/div>\n\t\t\t\t<\/div>\n\t\t<div class=\"elementor-element elementor-element-49b20f4 e-flex e-con-boxed e-con e-child\" data-id=\"49b20f4\" data-element_type=\"container\" data-e-type=\"container\" data-settings=\"{&quot;background_background&quot;:&quot;classic&quot;}\">\n\t\t\t\t\t<div class=\"e-con-inner\">\n\t\t<a class=\"elementor-element elementor-element-086bf63 e-con-full e-flex e-con e-child\" data-id=\"086bf63\" data-element_type=\"container\" data-e-type=\"container\" href=\"https:\/\/totart.barcelona\/es\/recuerdos-y-antiguedades\/\">\n\t\t\t\t<div class=\"elementor-element elementor-element-22eea6c elementor-widget elementor-widget-heading\" data-id=\"22eea6c\" data-element_type=\"widget\" data-e-type=\"widget\" data-widget_type=\"heading.default\">\n\t\t\t\t<div class=\"elementor-widget-container\">\n\t\t\t\t\t<h2 class=\"elementor-heading-title elementor-size-default\">memoria<\/h2>\t\t\t\t<\/div>\n\t\t\t\t<\/div>\n\t\t\t\t<\/a>\n\t\t<a class=\"elementor-element elementor-element-9773cb7 e-con-full e-flex e-con e-child\" data-id=\"9773cb7\" data-element_type=\"container\" data-e-type=\"container\" data-settings=\"{&quot;background_background&quot;:&quot;classic&quot;}\" href=\"https:\/\/totart.barcelona\/marcs-per-a-llencos-pintats-a-loli-i-acrilic\/\">\n\t\t\t\t<div class=\"elementor-element elementor-element-92d7b44 elementor-widget elementor-widget-heading\" data-id=\"92d7b44\" data-element_type=\"widget\" data-e-type=\"widget\" data-widget_type=\"heading.default\">\n\t\t\t\t<div class=\"elementor-widget-container\">\n\t\t\t\t\t<h2 class=\"elementor-heading-title elementor-size-default\">PINTURA<\/h2>\t\t\t\t<\/div>\n\t\t\t\t<\/div>\n\t\t\t\t<\/a>\n\t\t<a class=\"elementor-element elementor-element-32bb766 e-con-full e-flex e-con e-child\" data-id=\"32bb766\" data-element_type=\"container\" data-e-type=\"container\" data-settings=\"{&quot;background_background&quot;:&quot;classic&quot;}\" href=\"https:\/\/totart.barcelona\/la-diana-yabusame\/\">\n\t\t\t\t<div class=\"elementor-element elementor-element-d927f2f elementor-widget elementor-widget-heading\" data-id=\"d927f2f\" data-element_type=\"widget\" data-e-type=\"widget\" data-widget_type=\"heading.default\">\n\t\t\t\t<div class=\"elementor-widget-container\">\n\t\t\t\t\t<h2 class=\"elementor-heading-title elementor-size-default\"> OBJETOS DE ARTE<\/h2>\t\t\t\t<\/div>\n\t\t\t\t<\/div>\n\t\t\t\t<\/a>\n\t\t\t\t\t<\/div>\n\t\t\t\t<\/div>\n\t\t<div class=\"elementor-element elementor-element-b33ad1a e-flex e-con-boxed e-con e-child\" data-id=\"b33ad1a\" data-element_type=\"container\" data-e-type=\"container\" data-settings=\"{&quot;background_background&quot;:&quot;classic&quot;}\">\n\t\t\t\t\t<div class=\"e-con-inner\">\n\t\t<a class=\"elementor-element elementor-element-5e97028 e-con-full e-flex e-con e-child\" data-id=\"5e97028\" data-element_type=\"container\" data-e-type=\"container\" href=\"https:\/\/totart.barcelona\/ideas-para-decorar-con-ganchillos\/\">\n\t\t\t\t<div class=\"elementor-element elementor-element-b59ee18 elementor-widget elementor-widget-heading\" data-id=\"b59ee18\" data-element_type=\"widget\" data-e-type=\"widget\" data-widget_type=\"heading.default\">\n\t\t\t\t<div class=\"elementor-widget-container\">\n\t\t\t\t\t<h2 class=\"elementor-heading-title elementor-size-default\">HANDI KRAFT<\/h2>\t\t\t\t<\/div>\n\t\t\t\t<\/div>\n\t\t\t\t<\/a>\n\t\t<a class=\"elementor-element elementor-element-4e6d8cd e-con-full e-flex e-con e-child\" data-id=\"4e6d8cd\" data-element_type=\"container\" data-e-type=\"container\" href=\"https:\/\/totart.barcelona\/ideas-para-decorar-con-ganchillos\/\">\n\t\t\t\t<div class=\"elementor-element elementor-element-4a1fc00 elementor-widget elementor-widget-heading\" data-id=\"4a1fc00\" data-element_type=\"widget\" data-e-type=\"widget\" data-widget_type=\"heading.default\">\n\t\t\t\t<div class=\"elementor-widget-container\">\n\t\t\t\t\t<h2 class=\"elementor-heading-title elementor-size-default\">PASIONES<\/h2>\t\t\t\t<\/div>\n\t\t\t\t<\/div>\n\t\t\t\t<\/a>\n\t\t<a class=\"elementor-element elementor-element-0284a57 e-con-full e-flex e-con e-child\" data-id=\"0284a57\" data-element_type=\"container\" data-e-type=\"container\" href=\"https:\/\/totart.barcelona\/emmarca-lamines-i-fotografies\/\">\n\t\t\t\t<div class=\"elementor-element elementor-element-072ecbc elementor-widget elementor-widget-heading\" data-id=\"072ecbc\" data-element_type=\"widget\" data-e-type=\"widget\" data-widget_type=\"heading.default\">\n\t\t\t\t<div class=\"elementor-widget-container\">\n\t\t\t\t\t<h2 class=\"elementor-heading-title elementor-size-default\">L\u00c1MINAS FOTO<\/h2>\t\t\t\t<\/div>\n\t\t\t\t<\/div>\n\t\t\t\t<\/a>\n\t\t\t\t\t<\/div>\n\t\t\t\t<\/div>\n\t\t<div class=\"elementor-element elementor-element-2601165 e-flex e-con-boxed e-con e-child\" data-id=\"2601165\" data-element_type=\"container\" data-e-type=\"container\" data-settings=\"{&quot;background_background&quot;:&quot;classic&quot;}\">\n\t\t\t\t\t<div class=\"e-con-inner\">\n\t\t<a class=\"elementor-element elementor-element-6f57ea7 e-con-full e-flex e-con e-child\" data-id=\"6f57ea7\" data-element_type=\"container\" data-e-type=\"container\" href=\"https:\/\/totart.barcelona\/marcos-para-camisetas\/\">\n\t\t\t\t<div class=\"elementor-element elementor-element-fde14b0 elementor-widget elementor-widget-heading\" data-id=\"fde14b0\" data-element_type=\"widget\" data-e-type=\"widget\" data-widget_type=\"heading.default\">\n\t\t\t\t<div class=\"elementor-widget-container\">\n\t\t\t\t\t<h2 class=\"elementor-heading-title elementor-size-default\">EL DEPORTE<\/h2>\t\t\t\t<\/div>\n\t\t\t\t<\/div>\n\t\t\t\t<\/a>\n\t\t<a class=\"elementor-element elementor-element-8e5982d e-con-full e-flex e-con e-child\" data-id=\"8e5982d\" data-element_type=\"container\" data-e-type=\"container\" href=\"https:\/\/totart.barcelona\/marc-pels-viatges-etnics\/\">\n\t\t\t\t<div class=\"elementor-element elementor-element-11d75ac elementor-widget elementor-widget-heading\" data-id=\"11d75ac\" data-element_type=\"widget\" data-e-type=\"widget\" data-widget_type=\"heading.default\">\n\t\t\t\t<div class=\"elementor-widget-container\">\n\t\t\t\t\t<h2 class=\"elementor-heading-title elementor-size-default\">TUS VIAJES<\/h2>\t\t\t\t<\/div>\n\t\t\t\t<\/div>\n\t\t\t\t<\/a>\n\t\t<a class=\"elementor-element elementor-element-575f96d e-con-full e-flex e-con e-child\" data-id=\"575f96d\" data-element_type=\"container\" data-e-type=\"container\" href=\"#\">\n\t\t\t\t<div class=\"elementor-element elementor-element-6a6958a elementor-widget elementor-widget-heading\" data-id=\"6a6958a\" data-element_type=\"widget\" data-e-type=\"widget\" data-widget_type=\"heading.default\">\n\t\t\t\t<div class=\"elementor-widget-container\">\n\t\t\t\t\t<h2 class=\"elementor-heading-title elementor-size-default\">EL MARCO MUSEO<\/h2>\t\t\t\t<\/div>\n\t\t\t\t<\/div>\n\t\t\t\t<\/a>\n\t\t\t\t\t<\/div>\n\t\t\t\t<\/div>\n\t\t\t\t\t<\/div>\n\t\t\t\t<\/div>\n\t\t<div class=\"elementor-element elementor-element-89ddef8 e-flex e-con-boxed e-con e-parent\" data-id=\"89ddef8\" data-element_type=\"container\" data-e-type=\"container\">\n\t\t\t\t\t<div class=\"e-con-inner\">\n\t\t\t\t<div class=\"elementor-element elementor-element-0c086ef elementor-widget elementor-widget-text-editor\" data-id=\"0c086ef\" data-element_type=\"widget\" data-e-type=\"widget\" data-widget_type=\"text-editor.default\">\n\t\t\t\t<div class=\"elementor-widget-container\">\n\t\t\t\t\t\t\t\t\t<p>En Totart Enmarcats Barcelona te ofrecemos ideas para enmarcar y crear tus cuadros.<\/p><p>Asesoramiento personalizado para enmarcar todo tipo de cuadros y objetos de arte y artesan\u00eda.<\/p><p>Disponemos de una amplia gama de molduras para crear:<\/p><ul><li>Enmarcados a medida para l\u00e1minas, litograf\u00edas y grabados.<\/li><li>Marcos a medida para cuadros al \u00f3leo y acr\u00edlicos.<\/li><li>Enmarcados para telas en cajas americanas. Maderas lacadas y chapas naturales. <\/li><li>Marcos a medida para enmarcados en doble acristalamiento para papiros y textiles.<\/li><li>Bastidores a medida para lienzo y tapices.<\/li><li>Marcos a medida para profesionales de la fotograf\u00eda.<\/li><li>Enmarcamos el deporte: camisetas, medallas, maillots y botas.<\/li><\/ul><p> <\/p><p>Especialistas en enmarcados especiales de objetos de ajuares y colecciones.<\/p><ul><li>Marcos en profundidad. Vitrinas y shadowbox a medida. <\/li><li>Emmarcats per a exposicions i museus.<\/li><\/ul>\t\t\t\t\t\t\t\t<\/div>\n\t\t\t\t<\/div>\n\t\t\t\t\t<\/div>\n\t\t\t\t<\/div>\n\t\t<div class=\"elementor-element elementor-element-11acc0c8 e-con-full e-flex e-con e-parent\" data-id=\"11acc0c8\" data-element_type=\"container\" data-e-type=\"container\" data-settings=\"{&quot;background_background&quot;:&quot;classic&quot;}\">\n\t\t<div class=\"elementor-element elementor-element-26627df e-con-full e-flex e-con e-child\" data-id=\"26627df\" data-element_type=\"container\" data-e-type=\"container\">\n\t\t\t\t<div class=\"elementor-element elementor-element-2f9f6d84 elementor-widget__width-initial elementor-widget-mobile__width-inherit elementor-widget elementor-widget-text-editor\" data-id=\"2f9f6d84\" data-element_type=\"widget\" data-e-type=\"widget\" data-widget_type=\"text-editor.default\">\n\t\t\t\t<div class=\"elementor-widget-container\">\n\t\t\t\t\t\t\t\t\t<p>Ofrecemos marcos a medida para tus cuadros y sobre todo el servicio de asesoramiento personalizado de enmarcaciones al servicio de personas y empresas que desean marcos a medida, que valoren el trabajo bien hecho, con gusto est\u00e9tico y originalidad. A quienes desean renovar sus marcos porque saben que una obra bien enmarcada y restaurada recupera su valor. <\/p><p>Ver\u00e1s la diferencia entre una enmarcaci\u00f3n hecha a medida y un marco est\u00e1ndar. Te demostraremos que en la elecci\u00f3n del marco radica la clave del \u00e9xito de un cuadro est\u00e9ticamente bien enmarcado ya tu antojo.  <\/p>\t\t\t\t\t\t\t\t<\/div>\n\t\t\t\t<\/div>\n\t\t\t\t<\/div>\n\t\t<div class=\"elementor-element elementor-element-1cc0fec0 e-con-full e-flex e-con e-child\" data-id=\"1cc0fec0\" data-element_type=\"container\" data-e-type=\"container\" data-settings=\"{&quot;background_background&quot;:&quot;classic&quot;}\">\n\t\t\t\t<\/div>\n\t\t\t\t<\/div>\n\t\t\t\t<\/div>\n\t\t","protected":false},"excerpt":{"rendered":"<p>\u00bfQu\u00e9 enmarcamos? En Totart tienda de marcos a medida, enmarcamos todo tipo de obras y objetos de arte y artesan\u00eda en Sants, Barcelona. <\/p>\n","protected":false},"author":1,"featured_media":24622,"parent":0,"menu_order":0,"comment_status":"closed","ping_status":"closed","template":"","meta":{"footnotes":""},"class_list":["post-27586","page","type-page","status-publish","has-post-thumbnail","hentry"],"yoast_head":"<!-- This site is optimized with the Yoast SEO Premium plugin v22.6 (Yoast SEO v26.9) - https:\/\/yoast.com\/product\/yoast-seo-premium-wordpress\/ -->\n<title>\u00bfQu\u00e9 enmarcamos? - Totart Emmarcats Barcelona - Barcelona<\/title>\n<meta name=\"description\" content=\"\u00bfQu\u00e9 enmarcamos? En Totart tienda de marcos a medida, enmarcamos todo tipo de obras y objetos de arte y artesan\u00eda en Sants, Barcelona.\" \/>\n<meta name=\"robots\" content=\"index, follow, max-snippet:-1, max-image-preview:large, max-video-preview:-1\" \/>\n<link rel=\"canonical\" href=\"https:\/\/totart.barcelona\/es\/que-enmarcamos\/\" \/>\n<meta property=\"og:locale\" content=\"es_ES\" \/>\n<meta property=\"og:type\" content=\"article\" \/>\n<meta property=\"og:title\" content=\"\u00bfQu\u00e9 enmarcamos?\" \/>\n<meta property=\"og:description\" content=\"\u00bfQu\u00e9 enmarcamos? En Totart tienda de marcos a medida, enmarcamos todo tipo de obras y objetos de arte y artesan\u00eda en Sants, Barcelona.\" \/>\n<meta property=\"og:url\" content=\"https:\/\/totart.barcelona\/es\/que-enmarcamos\/\" \/>\n<meta property=\"og:site_name\" content=\"Totart Emmarcats Barcelona\" \/>\n<meta property=\"article:modified_time\" content=\"2025-07-23T11:48:45+00:00\" \/>\n<meta property=\"og:image\" content=\"https:\/\/totart.barcelona\/wp-content\/uploads\/2024\/06\/adobe-Firefly-IA-teles-olis-i-acrilics.jpg\" \/>\n\t<meta property=\"og:image:width\" content=\"709\" \/>\n\t<meta property=\"og:image:height\" content=\"911\" \/>\n\t<meta property=\"og:image:type\" content=\"image\/jpeg\" \/>\n<meta name=\"twitter:card\" content=\"summary_large_image\" \/>\n<meta name=\"twitter:label1\" content=\"Tiempo de lectura\" \/>\n\t<meta name=\"twitter:data1\" content=\"1 minuto\" \/>\n<script type=\"application\/ld+json\" class=\"yoast-schema-graph\">{\"@context\":\"https:\/\/schema.org\",\"@graph\":[{\"@type\":\"WebPage\",\"@id\":\"https:\/\/totart.barcelona\/es\/que-enmarcamos\/\",\"url\":\"https:\/\/totart.barcelona\/es\/que-enmarcamos\/\",\"name\":\"\u00bfQu\u00e9 enmarcamos? - Totart Emmarcats Barcelona - Barcelona\",\"isPartOf\":{\"@id\":\"https:\/\/totart.barcelona\/es\/#website\"},\"primaryImageOfPage\":{\"@id\":\"https:\/\/totart.barcelona\/es\/que-enmarcamos\/#primaryimage\"},\"image\":{\"@id\":\"https:\/\/totart.barcelona\/es\/que-enmarcamos\/#primaryimage\"},\"thumbnailUrl\":\"https:\/\/totart.barcelona\/wp-content\/uploads\/2024\/06\/adobe-Firefly-IA-teles-olis-i-acrilics.jpg\",\"datePublished\":\"2024-02-15T12:02:48+00:00\",\"dateModified\":\"2025-07-23T11:48:45+00:00\",\"description\":\"\u00bfQu\u00e9 enmarcamos? En Totart tienda de marcos a medida, enmarcamos todo tipo de obras y objetos de arte y artesan\u00eda en Sants, Barcelona.\",\"breadcrumb\":{\"@id\":\"https:\/\/totart.barcelona\/es\/que-enmarcamos\/#breadcrumb\"},\"inLanguage\":\"es\",\"potentialAction\":[{\"@type\":\"ReadAction\",\"target\":[\"https:\/\/totart.barcelona\/es\/que-enmarcamos\/\"]}]},{\"@type\":\"ImageObject\",\"inLanguage\":\"es\",\"@id\":\"https:\/\/totart.barcelona\/es\/que-enmarcamos\/#primaryimage\",\"url\":\"https:\/\/totart.barcelona\/wp-content\/uploads\/2024\/06\/adobe-Firefly-IA-teles-olis-i-acrilics.jpg\",\"contentUrl\":\"https:\/\/totart.barcelona\/wp-content\/uploads\/2024\/06\/adobe-Firefly-IA-teles-olis-i-acrilics.jpg\",\"width\":709,\"height\":911,\"caption\":\"que emmarquem\"},{\"@type\":\"BreadcrumbList\",\"@id\":\"https:\/\/totart.barcelona\/es\/que-enmarcamos\/#breadcrumb\",\"itemListElement\":[{\"@type\":\"ListItem\",\"position\":1,\"name\":\"Portada\",\"item\":\"https:\/\/totart.barcelona\/es\/\"},{\"@type\":\"ListItem\",\"position\":2,\"name\":\"\u00bfQu\u00e9 enmarcamos?\"}]},{\"@type\":\"WebSite\",\"@id\":\"https:\/\/totart.barcelona\/es\/#website\",\"url\":\"https:\/\/totart.barcelona\/es\/\",\"name\":\"Totart Emmarcats Barcelona\",\"description\":\"&lt;strong&gt;TOTART&lt;br \/&gt; EMMARCATS&lt;\/strong&gt;&lt;br \/&gt; Marcs i quadres&lt;br \/&gt; Sants, 3&lt;br \/&gt; Barcelona\",\"publisher\":{\"@id\":\"https:\/\/totart.barcelona\/es\/#organization\"},\"potentialAction\":[{\"@type\":\"SearchAction\",\"target\":{\"@type\":\"EntryPoint\",\"urlTemplate\":\"https:\/\/totart.barcelona\/es\/?s={search_term_string}\"},\"query-input\":{\"@type\":\"PropertyValueSpecification\",\"valueRequired\":true,\"valueName\":\"search_term_string\"}}],\"inLanguage\":\"es\"},{\"@type\":\"Organization\",\"@id\":\"https:\/\/totart.barcelona\/es\/#organization\",\"name\":\"Totart Emmarcats Barcelona\",\"url\":\"https:\/\/totart.barcelona\/es\/\",\"logo\":{\"@type\":\"ImageObject\",\"inLanguage\":\"es\",\"@id\":\"https:\/\/totart.barcelona\/es\/#\/schema\/logo\/image\/\",\"url\":\"https:\/\/totart.barcelona\/wp-content\/uploads\/2024\/02\/dibuix-marc-tarja-visita-nou-logo-totart-2.jpg\",\"contentUrl\":\"https:\/\/totart.barcelona\/wp-content\/uploads\/2024\/02\/dibuix-marc-tarja-visita-nou-logo-totart-2.jpg\",\"width\":263,\"height\":294,\"caption\":\"Totart Emmarcats Barcelona\"},\"image\":{\"@id\":\"https:\/\/totart.barcelona\/es\/#\/schema\/logo\/image\/\"}}]}<\/script>\n<!-- \/ Yoast SEO Premium plugin. -->","yoast_head_json":{"title":"\u00bfQu\u00e9 enmarcamos? - Totart Emmarcats Barcelona - Barcelona","description":"\u00bfQu\u00e9 enmarcamos? En Totart tienda de marcos a medida, enmarcamos todo tipo de obras y objetos de arte y artesan\u00eda en Sants, Barcelona.","robots":{"index":"index","follow":"follow","max-snippet":"max-snippet:-1","max-image-preview":"max-image-preview:large","max-video-preview":"max-video-preview:-1"},"canonical":"https:\/\/totart.barcelona\/es\/que-enmarcamos\/","og_locale":"es_ES","og_type":"article","og_title":"\u00bfQu\u00e9 enmarcamos?","og_description":"\u00bfQu\u00e9 enmarcamos? En Totart tienda de marcos a medida, enmarcamos todo tipo de obras y objetos de arte y artesan\u00eda en Sants, Barcelona.","og_url":"https:\/\/totart.barcelona\/es\/que-enmarcamos\/","og_site_name":"Totart Emmarcats Barcelona","article_modified_time":"2025-07-23T11:48:45+00:00","og_image":[{"width":709,"height":911,"url":"https:\/\/totart.barcelona\/wp-content\/uploads\/2024\/06\/adobe-Firefly-IA-teles-olis-i-acrilics.jpg","type":"image\/jpeg"}],"twitter_card":"summary_large_image","twitter_misc":{"Tiempo de lectura":"1 minuto"},"schema":{"@context":"https:\/\/schema.org","@graph":[{"@type":"WebPage","@id":"https:\/\/totart.barcelona\/es\/que-enmarcamos\/","url":"https:\/\/totart.barcelona\/es\/que-enmarcamos\/","name":"\u00bfQu\u00e9 enmarcamos? - Totart Emmarcats Barcelona - Barcelona","isPartOf":{"@id":"https:\/\/totart.barcelona\/es\/#website"},"primaryImageOfPage":{"@id":"https:\/\/totart.barcelona\/es\/que-enmarcamos\/#primaryimage"},"image":{"@id":"https:\/\/totart.barcelona\/es\/que-enmarcamos\/#primaryimage"},"thumbnailUrl":"https:\/\/totart.barcelona\/wp-content\/uploads\/2024\/06\/adobe-Firefly-IA-teles-olis-i-acrilics.jpg","datePublished":"2024-02-15T12:02:48+00:00","dateModified":"2025-07-23T11:48:45+00:00","description":"\u00bfQu\u00e9 enmarcamos? En Totart tienda de marcos a medida, enmarcamos todo tipo de obras y objetos de arte y artesan\u00eda en Sants, Barcelona.","breadcrumb":{"@id":"https:\/\/totart.barcelona\/es\/que-enmarcamos\/#breadcrumb"},"inLanguage":"es","potentialAction":[{"@type":"ReadAction","target":["https:\/\/totart.barcelona\/es\/que-enmarcamos\/"]}]},{"@type":"ImageObject","inLanguage":"es","@id":"https:\/\/totart.barcelona\/es\/que-enmarcamos\/#primaryimage","url":"https:\/\/totart.barcelona\/wp-content\/uploads\/2024\/06\/adobe-Firefly-IA-teles-olis-i-acrilics.jpg","contentUrl":"https:\/\/totart.barcelona\/wp-content\/uploads\/2024\/06\/adobe-Firefly-IA-teles-olis-i-acrilics.jpg","width":709,"height":911,"caption":"que emmarquem"},{"@type":"BreadcrumbList","@id":"https:\/\/totart.barcelona\/es\/que-enmarcamos\/#breadcrumb","itemListElement":[{"@type":"ListItem","position":1,"name":"Portada","item":"https:\/\/totart.barcelona\/es\/"},{"@type":"ListItem","position":2,"name":"\u00bfQu\u00e9 enmarcamos?"}]},{"@type":"WebSite","@id":"https:\/\/totart.barcelona\/es\/#website","url":"https:\/\/totart.barcelona\/es\/","name":"Totart Emmarcats Barcelona","description":"&lt;strong&gt;TOTART&lt;br \/&gt; EMMARCATS&lt;\/strong&gt;&lt;br \/&gt; Marcs i quadres&lt;br \/&gt; Sants, 3&lt;br \/&gt; Barcelona","publisher":{"@id":"https:\/\/totart.barcelona\/es\/#organization"},"potentialAction":[{"@type":"SearchAction","target":{"@type":"EntryPoint","urlTemplate":"https:\/\/totart.barcelona\/es\/?s={search_term_string}"},"query-input":{"@type":"PropertyValueSpecification","valueRequired":true,"valueName":"search_term_string"}}],"inLanguage":"es"},{"@type":"Organization","@id":"https:\/\/totart.barcelona\/es\/#organization","name":"Totart Emmarcats Barcelona","url":"https:\/\/totart.barcelona\/es\/","logo":{"@type":"ImageObject","inLanguage":"es","@id":"https:\/\/totart.barcelona\/es\/#\/schema\/logo\/image\/","url":"https:\/\/totart.barcelona\/wp-content\/uploads\/2024\/02\/dibuix-marc-tarja-visita-nou-logo-totart-2.jpg","contentUrl":"https:\/\/totart.barcelona\/wp-content\/uploads\/2024\/02\/dibuix-marc-tarja-visita-nou-logo-totart-2.jpg","width":263,"height":294,"caption":"Totart Emmarcats Barcelona"},"image":{"@id":"https:\/\/totart.barcelona\/es\/#\/schema\/logo\/image\/"}}]}},"_links":{"self":[{"href":"https:\/\/totart.barcelona\/es\/wp-json\/wp\/v2\/pages\/27586","targetHints":{"allow":["GET"]}}],"collection":[{"href":"https:\/\/totart.barcelona\/es\/wp-json\/wp\/v2\/pages"}],"about":[{"href":"https:\/\/totart.barcelona\/es\/wp-json\/wp\/v2\/types\/page"}],"author":[{"embeddable":true,"href":"https:\/\/totart.barcelona\/es\/wp-json\/wp\/v2\/users\/1"}],"replies":[{"embeddable":true,"href":"https:\/\/totart.barcelona\/es\/wp-json\/wp\/v2\/comments?post=27586"}],"version-history":[{"count":2,"href":"https:\/\/totart.barcelona\/es\/wp-json\/wp\/v2\/pages\/27586\/revisions"}],"predecessor-version":[{"id":27588,"href":"https:\/\/totart.barcelona\/es\/wp-json\/wp\/v2\/pages\/27586\/revisions\/27588"}],"wp:featuredmedia":[{"embeddable":true,"href":"https:\/\/totart.barcelona\/es\/wp-json\/wp\/v2\/media\/24622"}],"wp:attachment":[{"href":"https:\/\/totart.barcelona\/es\/wp-json\/wp\/v2\/media?parent=27586"}],"curies":[{"name":"wp","href":"https:\/\/api.w.org\/{rel}","templated":true}]}}